{"id":908,"date":"2026-01-13T10:21:01","date_gmt":"2026-01-13T10:21:01","guid":{"rendered":"https:\/\/jobb.lansforsakringar.se\/lf-jonkoping\/?page_id=908"},"modified":"2026-01-13T10:22:21","modified_gmt":"2026-01-13T10:22:21","slug":"sally-hadodo","status":"publish","type":"page","link":"https:\/\/jobb.lansforsakringar.se\/lf-jonkoping\/sally-hadodo\/","title":{"rendered":"Sally Hadodo"},"content":{"rendered":"<p>[et_pb_section fb_built=&#8221;1&#8243; _builder_version=&#8221;4.27.4&#8243; _module_preset=&#8221;default&#8221; background_color=&#8221;RGBA(255,255,255,0)&#8221; positioning=&#8221;none&#8221; z_index=&#8221;500&#8243; custom_margin=&#8221;0px||0px||true|false&#8221; custom_padding=&#8221;0px||0px||true|false&#8221; custom_css_free_form=&#8221;.et_pb_section_0.et_pb_section {||    padding-top: 0 !important;||}&#8221; da_disable_devices=&#8221;off|off|off&#8221; border_radii=&#8221;off||||&#8221; locked=&#8221;off&#8221; global_colors_info=&#8221;{}&#8221; da_is_popup=&#8221;off&#8221; da_exit_intent=&#8221;off&#8221; da_has_close=&#8221;on&#8221; da_alt_close=&#8221;off&#8221; da_dark_close=&#8221;off&#8221; da_not_modal=&#8221;on&#8221; da_is_singular=&#8221;off&#8221; da_with_loader=&#8221;off&#8221; da_has_shadow=&#8221;on&#8221;][et_pb_row use_custom_gutter=&#8221;on&#8221; _builder_version=&#8221;4.27.4&#8243; _module_preset=&#8221;default&#8221; z_index=&#8221;500&#8243; width=&#8221;90%&#8221; max_width=&#8221;1500px&#8221; module_alignment=&#8221;center&#8221; custom_margin=&#8221;0px||0px||true|false&#8221; custom_padding=&#8221;0px||0px||true|false&#8221; global_colors_info=&#8221;{}&#8221;][et_pb_column type=&#8221;4_4&#8243; _builder_version=&#8221;4.27.0&#8243; _module_preset=&#8221;default&#8221; global_colors_info=&#8221;{}&#8221;][et_pb_menu menu_id=&#8221;3&#8243; submenu_direction=&#8221;downwards&#8221; active_link_color=&#8221;#005AA0&#8243; dropdown_menu_bg_color=&#8221;#FFFFFF&#8221; dropdown_menu_line_color=&#8221;#005AA0&#8243; dropdown_menu_text_color=&#8221;#005AA0&#8243; dropdown_menu_active_link_color=&#8221;#005AA0&#8243; mobile_menu_bg_color=&#8221;#FFFFFF&#8221; mobile_menu_text_color=&#8221;#005AA0&#8243; logo=&#8221;https:\/\/jobb.lansforsakringar.se\/lf-jonkoping\/wp-content\/uploads\/sites\/9\/2025\/10\/lf-jonk.jpeg&#8221; logo_url=&#8221;@ET-DC@eyJkeW5hbWljIjp0cnVlLCJjb250ZW50IjoiaG9tZV91cmwiLCJzZXR0aW5ncyI6e319@&#8221; logo_height=&#8221;40px&#8221; cart_icon_color=&#8221;#FFFFFF&#8221; search_icon_color=&#8221;#FFFFFF&#8221; menu_icon_color=&#8221;#005AA0&#8243; _builder_version=&#8221;4.27.4&#8243; _dynamic_attributes=&#8221;logo_url&#8221; _module_preset=&#8221;default&#8221; menu_font=&#8221;IBMPlexSans-Medium|500|||||||&#8221; menu_text_color=&#8221;#005AA0&#8243; menu_font_size=&#8221;20px&#8221; background_enable_color=&#8221;off&#8221; z_index=&#8221;500&#8243; text_orientation=&#8221;right&#8221; custom_margin=&#8221;0px||0px||true|false&#8221; custom_margin_tablet=&#8221;15px||15px||true|false&#8221; custom_margin_phone=&#8221;15px||15px||true|false&#8221; custom_margin_last_edited=&#8221;on|phone&#8221; custom_padding=&#8221;0px||0px||true|false&#8221; global_colors_info=&#8221;{}&#8221;][\/et_pb_menu][\/et_pb_column][\/et_pb_row][\/et_pb_section][et_pb_section fb_built=&#8221;1&#8243; custom_padding_last_edited=&#8221;on|tablet&#8221; admin_label=&#8221;Section&#8221; module_id=&#8221;employee2&#8243; _builder_version=&#8221;4.27.5&#8243; _module_preset=&#8221;default&#8221; background_color=&#8221;#E5EFF7&#8243; z_index=&#8221;1&#8243; custom_margin=&#8221;||||false|false&#8221; custom_margin_tablet=&#8221;0px||||false|false&#8221; custom_margin_phone=&#8221;0px||||false|false&#8221; custom_margin_last_edited=&#8221;on|tablet&#8221; custom_padding=&#8221;30px||35px||false|false&#8221; custom_padding_tablet=&#8221;0px||35px||false|false&#8221; custom_padding_phone=&#8221;0px||35px||false|false&#8221; da_popup_slug=&#8221;employee2&#8243; da_disable_devices=&#8221;off|off|off&#8221; border_radii=&#8221;off||||&#8221; border_radii_tablet=&#8221;off|||80px|80px&#8221; border_radii_phone=&#8221;off|||50px|50px&#8221; border_radii_last_edited=&#8221;off|desktop&#8221; locked=&#8221;off&#8221; global_colors_info=&#8221;{}&#8221; da_is_popup=&#8221;off&#8221; da_exit_intent=&#8221;off&#8221; da_has_close=&#8221;on&#8221; da_alt_close=&#8221;off&#8221; da_dark_close=&#8221;off&#8221; da_not_modal=&#8221;on&#8221; da_is_singular=&#8221;off&#8221; da_with_loader=&#8221;off&#8221; da_has_shadow=&#8221;on&#8221;][et_pb_row column_structure=&#8221;1_4,3_4&#8243; _builder_version=&#8221;4.27.4&#8243; _module_preset=&#8221;default&#8221; background_enable_color=&#8221;off&#8221; width=&#8221;90%&#8221; max_width=&#8221;1500px&#8221; custom_margin=&#8221;|auto|26px|auto|false|false&#8221; custom_margin_tablet=&#8221;|auto|70px|auto|false|false&#8221; custom_margin_phone=&#8221;|auto|30px|auto|false|false&#8221; custom_margin_last_edited=&#8221;on|phone&#8221; locked=&#8221;off&#8221; global_colors_info=&#8221;{}&#8221;][et_pb_column type=&#8221;1_4&#8243; _builder_version=&#8221;4.27.0&#8243; _module_preset=&#8221;default&#8221; global_colors_info=&#8221;{}&#8221;][et_pb_image src=&#8221;https:\/\/jobb.lansforsakringar.se\/lf-jonkoping\/wp-content\/uploads\/sites\/9\/2025\/10\/LF_Jkpg_Sally-Hadodo-1.jpg&#8221; title_text=&#8221;LF_Jkpg_Sally Hadodo (1)&#8221; align=&#8221;center&#8221; _builder_version=&#8221;4.27.4&#8243; _module_preset=&#8221;default&#8221; max_width_tablet=&#8221;300px&#8221; max_width_phone=&#8221;200px&#8221; max_width_last_edited=&#8221;on|phone&#8221; module_alignment=&#8221;left&#8221; custom_padding=&#8221;||||false|false&#8221; module_alignment_phone=&#8221;left&#8221; module_alignment_last_edited=&#8221;off|phone&#8221; border_radii=&#8221;on|600px|600px|600px|600px&#8221; global_colors_info=&#8221;{}&#8221;][\/et_pb_image][\/et_pb_column][et_pb_column type=&#8221;3_4&#8243; _builder_version=&#8221;4.27.0&#8243; _module_preset=&#8221;default&#8221; global_colors_info=&#8221;{}&#8221;][et_pb_text _builder_version=&#8221;4.27.4&#8243; _module_preset=&#8221;default&#8221; text_text_color=&#8221;#1E1E1E&#8221; header_font=&#8221;IBMPlexSans-Bold||||||||&#8221; header_text_align=&#8221;left&#8221; header_text_color=&#8221;#04417a&#8221; header_font_size=&#8221;37px&#8221; text_orientation=&#8221;center&#8221; custom_margin=&#8221;0px|0px|0px|0px|false|false&#8221; custom_padding=&#8221;0px|0px|0px|0px|false|false&#8221; header_font_size_tablet=&#8221;30px&#8221; header_font_size_phone=&#8221;28px&#8221; header_font_size_last_edited=&#8221;on|phone&#8221; global_colors_info=&#8221;{}&#8221;]<\/p>\n<h1>Sally Hadodo<\/h1>\n<p>[\/et_pb_text][et_pb_text _builder_version=&#8221;4.27.4&#8243; _module_preset=&#8221;default&#8221; text_font=&#8221;IBMPlexSans-Regular||||||||&#8221; text_text_color=&#8221;#222222&#8243; text_font_size=&#8221;20px&#8221; text_line_height=&#8221;1.3em&#8221; header_font=&#8221;&#8211;et_global_body_font|&#8211;et_global_body_font_weight|||||||&#8221; header_text_color=&#8221;#1E1E1E&#8221; header_font_size=&#8221;80px&#8221; custom_margin=&#8221;15px||30px||false|false&#8221; text_font_size_tablet=&#8221;18px&#8221; text_font_size_phone=&#8221;17px&#8221; text_font_size_last_edited=&#8221;on|phone&#8221; global_colors_info=&#8221;{}&#8221;]<\/p>\n<p class=\"p1\"><strong>Roll: <\/strong>F\u00f6rs\u00e4kringsr\u00e5dgivare f\u00f6retag<strong><br \/>\u00c5lder: <\/strong>36<strong><br \/>Tid p\u00e5 bolaget: <\/strong>7 \u00e5r<strong><br \/>Kommer senast fr\u00e5n: <\/strong>Forex, som kundr\u00e5dgivare bank<strong><br \/><\/strong><strong><\/strong><\/p>\n<p class=\"p1\"><strong>Hur kan en vanlig arbetsdag se ut f\u00f6r dig?<br \/><\/strong>Min dag best\u00e5r av m\u00e5nga kundsamtal, b\u00e5de inkommande och proaktiva, d\u00e4r jag arbetar med r\u00e5dgivning och f\u00f6rs\u00e4ljning av f\u00f6retagsf\u00f6rs\u00e4kringar. Jag hanterar kundkontakt via telefon, s\u00e4kra meddelanden och mejl f\u00f6r att s\u00e4kerst\u00e4lla att kunderna har r\u00e4tt skydd f\u00f6r sina behov. Det \u00e4r ett omv\u00e4xlande jobb med mycket kundrelationer.<\/p>\n<p class=\"p1\"><strong>Hur skulle du beskriva teamdynamiken och samarbetet inom ditt omr\u00e5de?<br \/><\/strong>Vi r\u00e5dfr\u00e5gar och st\u00f6ttar varandra kontinuerligt. Eftersom vi hanterar kunder fr\u00e5n olika branscher \u00e4r det viktigt att samarbeta och dela kunskap f\u00f6r att hitta de b\u00e4sta l\u00f6sningarna.<\/p>\n<p class=\"p1\"><strong>Hur skulle du beskriva f\u00f6retagets kultur?<br \/><\/strong>Kulturen \u00e4r hj\u00e4lpsam och positiv. Vi \u00e4r som en andra familj \u2013 omt\u00e4nksamma, glada och alltid beredda att st\u00f6tta varandra. Det k\u00e4nns aldrig fr\u00e4mmande. Det \u00e4r en kultur d\u00e4r man k\u00e4nner sig trygg och v\u00e4lkommen.<\/p>\n<p class=\"p1\"><strong>Vad g\u00f6r en f\u00f6rs\u00e4kringsr\u00e5dgivare till en bra f\u00f6rs\u00e4kringsr\u00e5dgivare?<br \/><\/strong>Att ha kundfokus och vara lyh\u00f6rd f\u00f6r kundens behov. Det \u00e4r viktigt att skapa trygghet och f\u00f6r- troende genom att vara kunnig och personlig. Kunden ska alltid k\u00e4nna att de f\u00e5r r\u00e4tt l\u00f6sning f\u00f6r sina behov.<\/p>\n<p class=\"p1\"><strong>Vad \u00e4r det b\u00e4sta med att jobba hos L\u00e4nsf\u00f6rs\u00e4kringar J\u00f6nk\u00f6ping?<br \/><\/strong>Det b\u00e4sta med L\u00e4nsf\u00f6rs\u00e4kringar J\u00f6nk\u00f6ping \u00e4r kombinationen av starka v\u00e4rderingar, lokalt engagemang och kundfokus. Som kund\u00e4gt och icke vinstdrivande bolag bidrar vi till samh\u00e4llsnytta och h\u00e5llbarhet, samtidigt som vi erbjuder en utvecklande arbetsmilj\u00f6 d\u00e4r medarbetare f\u00e5r v\u00e4xa. Vi balanserar digital utveckling med en personlig, lokal n\u00e4rvaro som skapar trygghet och bygger l\u00e5ngsiktiga relationer med b\u00e5de kunder och kollegor. N\u00e5got som \u00e4r v\u00e4ldigt viktigt f\u00f6r mig, att kunna erbjuda kunder den trygga relationen n\u00e4r v\u00e4rlden blir alltmer digitaliserad. Man st\u00e5r upp f\u00f6r det h\u00e4r bolaget! Och s\u00e5klart att vi \u00e4r en s\u00e5 bra grupp, jag har underbara kollegor.<\/p>\n<p>[\/et_pb_text][\/et_pb_column][\/et_pb_row][\/et_pb_section][et_pb_section fb_built=&#8221;1&#8243; admin_label=&#8221;Section&#8221; _builder_version=&#8221;4.27.4&#8243; _module_preset=&#8221;default&#8221; background_color=&#8221;#033d71&#8243; z_index=&#8221;1&#8243; custom_margin=&#8221;||||false|false&#8221; custom_padding=&#8221;5px||5px||true|false&#8221; animation_direction=&#8221;bottom&#8221; background_last_edited=&#8221;off|desktop&#8221; background_enable_color_phone=&#8221;off&#8221; da_disable_devices=&#8221;off|off|off&#8221; border_radii_tablet=&#8221;off|80px|80px||&#8221; border_radii_phone=&#8221;off|50px|50px||&#8221; border_radii_last_edited=&#8221;off|desktop&#8221; locked=&#8221;off&#8221; global_colors_info=&#8221;{}&#8221; da_is_popup=&#8221;off&#8221; da_exit_intent=&#8221;off&#8221; da_has_close=&#8221;on&#8221; da_alt_close=&#8221;off&#8221; da_dark_close=&#8221;off&#8221; da_not_modal=&#8221;on&#8221; da_is_singular=&#8221;off&#8221; da_with_loader=&#8221;off&#8221; da_has_shadow=&#8221;on&#8221;][et_pb_row custom_padding_last_edited=&#8221;on|phone&#8221; _builder_version=&#8221;4.27.0&#8243; _module_preset=&#8221;default&#8221; background_enable_color=&#8221;off&#8221; width=&#8221;90%&#8221; max_width=&#8221;1500px&#8221; custom_margin=&#8221;28px|auto|28px|auto|true|false&#8221; custom_margin_tablet=&#8221;|auto|0px|auto|false|false&#8221; custom_margin_phone=&#8221;0px|auto|30px|auto|false|false&#8221; custom_margin_last_edited=&#8221;off|tablet&#8221; custom_padding=&#8221;0px||0px||false|false&#8221; custom_padding_tablet=&#8221;&#8221; custom_padding_phone=&#8221;10px||||false|false&#8221; global_colors_info=&#8221;{}&#8221;][et_pb_column type=&#8221;4_4&#8243; _builder_version=&#8221;4.27.0&#8243; _module_preset=&#8221;default&#8221; global_colors_info=&#8221;{}&#8221;][et_pb_image src=&#8221;https:\/\/jobb.lansforsakringar.se\/wp-content\/uploads\/2025\/10\/Jobylon-Logo-White.png&#8221; alt=&#8221;Jobylon \u2013 logotyp f\u00f6r det rekryteringssystem (ATS) som sidan \u00e4r byggd i och l\u00e4nk vidare till Jobylon.com&#8221; title_text=&#8221;Jobylon Logo White&#8221; url=&#8221;https:\/\/www.jobylon.com\/&#8221; _builder_version=&#8221;4.27.4&#8243; _module_preset=&#8221;default&#8221; max_width=&#8221;200px&#8221; module_alignment=&#8221;center&#8221; custom_margin=&#8221;||16px|||&#8221; global_colors_info=&#8221;{}&#8221; transform_styles__hover_enabled=&#8221;on|hover&#8221; transform_scale__hover_enabled=&#8221;on|hover&#8221; transform_translate__hover_enabled=&#8221;on|desktop&#8221; transform_rotate__hover_enabled=&#8221;on|desktop&#8221; transform_skew__hover_enabled=&#8221;on|desktop&#8221; transform_origin__hover_enabled=&#8221;on|desktop&#8221; transform_scale__hover=&#8221;104%|104%&#8221;][\/et_pb_image][et_pb_text _builder_version=&#8221;4.27.4&#8243; _module_preset=&#8221;default&#8221; text_text_color=&#8221;#FFFFFF&#8221; link_text_color=&#8221;#FFFFFF&#8221; text_orientation=&#8221;center&#8221; custom_margin=&#8221;12px|||||&#8221; global_colors_info=&#8221;{}&#8221;]<\/p>\n<p><span>Designed &amp; Powered by <a href=\"https:\/\/www.jobylon.com\/\">Jobylon<\/a><\/span><\/p>\n<p>[\/et_pb_text][\/et_pb_column][\/et_pb_row][\/et_pb_section]<\/p>\n","protected":false},"excerpt":{"rendered":"<p>Sally HadodoRoll: F\u00f6rs\u00e4kringsr\u00e5dgivare f\u00f6retag\u00c5lder: 36Tid p\u00e5 bolaget: 7 \u00e5rKommer senast fr\u00e5n: Forex, som kundr\u00e5dgivare bank Hur kan en vanlig arbetsdag se ut f\u00f6r dig?Min dag best\u00e5r av m\u00e5nga kundsamtal, b\u00e5de inkommande och proaktiva, d\u00e4r jag arbetar med r\u00e5dgivning och f\u00f6rs\u00e4ljning av f\u00f6retagsf\u00f6rs\u00e4kringar. Jag hanterar kundkontakt via telefon, s\u00e4kra meddelanden och mejl f\u00f6r att s\u00e4kerst\u00e4lla att kunderna har r\u00e4tt skydd f\u00f6r sina behov. Det \u00e4r ett omv\u00e4xlande jobb med mycket kundrelationer. Hur skulle du beskriva teamdynamiken och samarbetet inom ditt omr\u00e5de?Vi r\u00e5dfr\u00e5gar och st\u00f6ttar varandra kontinuerligt. Eftersom vi hanterar kunder fr\u00e5n olika branscher \u00e4r det viktigt att samarbeta och dela kunskap f\u00f6r att hitta de b\u00e4sta l\u00f6sningarna. Hur skulle du beskriva f\u00f6retagets kultur?Kulturen \u00e4r hj\u00e4lpsam och positiv. Vi \u00e4r som en andra familj \u2013 omt\u00e4nksamma, glada och alltid beredda att st\u00f6tta varandra. Det k\u00e4nns aldrig fr\u00e4mmande. Det \u00e4r en kultur d\u00e4r man k\u00e4nner sig trygg och v\u00e4lkommen. Vad g\u00f6r en f\u00f6rs\u00e4kringsr\u00e5dgivare till en bra f\u00f6rs\u00e4kringsr\u00e5dgivare?Att ha kundfokus och vara lyh\u00f6rd f\u00f6r kundens behov. Det \u00e4r viktigt att skapa trygghet och f\u00f6r- troende genom att vara kunnig och personlig. Kunden ska alltid k\u00e4nna att de f\u00e5r r\u00e4tt l\u00f6sning f\u00f6r sina behov. Vad \u00e4r det b\u00e4sta med att jobba hos L\u00e4nsf\u00f6rs\u00e4kringar J\u00f6nk\u00f6ping?Det b\u00e4sta [&hellip;]<\/p>\n","protected":false},"author":2,"featured_media":0,"parent":0,"menu_order":0,"comment_status":"closed","ping_status":"closed","template":"","meta":{"_et_pb_use_builder":"on","_et_pb_old_content":"","_et_gb_content_width":"","footnotes":""},"class_list":["post-908","page","type-page","status-publish","hentry"],"featured_image_src":null,"featured_image_src_square":null,"_links":{"self":[{"href":"https:\/\/jobb.lansforsakringar.se\/lf-jonkoping\/wp-json\/wp\/v2\/pages\/908","targetHints":{"allow":["GET"]}}],"collection":[{"href":"https:\/\/jobb.lansforsakringar.se\/lf-jonkoping\/wp-json\/wp\/v2\/pages"}],"about":[{"href":"https:\/\/jobb.lansforsakringar.se\/lf-jonkoping\/wp-json\/wp\/v2\/types\/page"}],"author":[{"embeddable":true,"href":"https:\/\/jobb.lansforsakringar.se\/lf-jonkoping\/wp-json\/wp\/v2\/users\/2"}],"replies":[{"embeddable":true,"href":"https:\/\/jobb.lansforsakringar.se\/lf-jonkoping\/wp-json\/wp\/v2\/comments?post=908"}],"version-history":[{"count":0,"href":"https:\/\/jobb.lansforsakringar.se\/lf-jonkoping\/wp-json\/wp\/v2\/pages\/908\/revisions"}],"wp:attachment":[{"href":"https:\/\/jobb.lansforsakringar.se\/lf-jonkoping\/wp-json\/wp\/v2\/media?parent=908"}],"curies":[{"name":"wp","href":"https:\/\/api.w.org\/{rel}","templated":true}]}}