{"id":910,"date":"2026-01-13T10:23:18","date_gmt":"2026-01-13T10:23:18","guid":{"rendered":"https:\/\/jobb.lansforsakringar.se\/lf-jonkoping\/?page_id=910"},"modified":"2026-01-13T10:24:10","modified_gmt":"2026-01-13T10:24:10","slug":"emma-nilsson","status":"publish","type":"page","link":"https:\/\/jobb.lansforsakringar.se\/lf-jonkoping\/emma-nilsson\/","title":{"rendered":"Emma Nilsson"},"content":{"rendered":"<p>[et_pb_section fb_built=&#8221;1&#8243; _builder_version=&#8221;4.27.4&#8243; _module_preset=&#8221;default&#8221; background_color=&#8221;RGBA(255,255,255,0)&#8221; positioning=&#8221;none&#8221; z_index=&#8221;500&#8243; custom_margin=&#8221;0px||0px||true|false&#8221; custom_padding=&#8221;0px||0px||true|false&#8221; custom_css_free_form=&#8221;.et_pb_section_0.et_pb_section {||    padding-top: 0 !important;||}&#8221; da_disable_devices=&#8221;off|off|off&#8221; border_radii=&#8221;off||||&#8221; locked=&#8221;off&#8221; global_colors_info=&#8221;{}&#8221; theme_builder_area=&#8221;post_content&#8221; da_is_popup=&#8221;off&#8221; da_exit_intent=&#8221;off&#8221; da_has_close=&#8221;on&#8221; da_alt_close=&#8221;off&#8221; da_dark_close=&#8221;off&#8221; da_not_modal=&#8221;on&#8221; da_is_singular=&#8221;off&#8221; da_with_loader=&#8221;off&#8221; da_has_shadow=&#8221;on&#8221;][et_pb_row use_custom_gutter=&#8221;on&#8221; _builder_version=&#8221;4.27.4&#8243; _module_preset=&#8221;default&#8221; z_index=&#8221;500&#8243; width=&#8221;90%&#8221; max_width=&#8221;1500px&#8221; module_alignment=&#8221;center&#8221; custom_margin=&#8221;0px||0px||true|false&#8221; custom_padding=&#8221;0px||0px||true|false&#8221; global_colors_info=&#8221;{}&#8221; theme_builder_area=&#8221;post_content&#8221;][et_pb_column type=&#8221;4_4&#8243; _builder_version=&#8221;4.27.0&#8243; _module_preset=&#8221;default&#8221; global_colors_info=&#8221;{}&#8221; theme_builder_area=&#8221;post_content&#8221;][et_pb_menu menu_id=&#8221;3&#8243; submenu_direction=&#8221;downwards&#8221; active_link_color=&#8221;#005AA0&#8243; dropdown_menu_bg_color=&#8221;#FFFFFF&#8221; dropdown_menu_line_color=&#8221;#005AA0&#8243; dropdown_menu_text_color=&#8221;#005AA0&#8243; dropdown_menu_active_link_color=&#8221;#005AA0&#8243; mobile_menu_bg_color=&#8221;#FFFFFF&#8221; mobile_menu_text_color=&#8221;#005AA0&#8243; logo=&#8221;https:\/\/jobb.lansforsakringar.se\/lf-jonkoping\/wp-content\/uploads\/sites\/9\/2025\/10\/lf-jonk.jpeg&#8221; logo_url=&#8221;@ET-DC@eyJkeW5hbWljIjp0cnVlLCJjb250ZW50IjoiaG9tZV91cmwiLCJzZXR0aW5ncyI6e319@&#8221; logo_height=&#8221;40px&#8221; cart_icon_color=&#8221;#FFFFFF&#8221; search_icon_color=&#8221;#FFFFFF&#8221; menu_icon_color=&#8221;#005AA0&#8243; _builder_version=&#8221;4.27.4&#8243; _dynamic_attributes=&#8221;logo_url&#8221; _module_preset=&#8221;default&#8221; menu_font=&#8221;IBMPlexSans-Medium|500|||||||&#8221; menu_text_color=&#8221;#005AA0&#8243; menu_font_size=&#8221;20px&#8221; background_enable_color=&#8221;off&#8221; z_index=&#8221;500&#8243; text_orientation=&#8221;right&#8221; custom_margin=&#8221;0px||0px||true|false&#8221; custom_margin_tablet=&#8221;15px||15px||true|false&#8221; custom_margin_phone=&#8221;15px||15px||true|false&#8221; custom_margin_last_edited=&#8221;on|phone&#8221; custom_padding=&#8221;0px||0px||true|false&#8221; global_colors_info=&#8221;{}&#8221; theme_builder_area=&#8221;post_content&#8221;][\/et_pb_menu][\/et_pb_column][\/et_pb_row][\/et_pb_section][et_pb_section fb_built=&#8221;1&#8243; custom_padding_last_edited=&#8221;on|tablet&#8221; admin_label=&#8221;Section&#8221; module_id=&#8221;employee2&#8243; _builder_version=&#8221;4.27.5&#8243; _module_preset=&#8221;default&#8221; background_color=&#8221;#E5EFF7&#8243; z_index=&#8221;1&#8243; custom_margin=&#8221;||||false|false&#8221; custom_margin_tablet=&#8221;0px||||false|false&#8221; custom_margin_phone=&#8221;0px||||false|false&#8221; custom_margin_last_edited=&#8221;on|tablet&#8221; custom_padding=&#8221;30px||35px||false|false&#8221; custom_padding_tablet=&#8221;0px||35px||false|false&#8221; custom_padding_phone=&#8221;0px||35px||false|false&#8221; da_popup_slug=&#8221;employee2&#8243; da_disable_devices=&#8221;off|off|off&#8221; border_radii=&#8221;off||||&#8221; border_radii_tablet=&#8221;off|||80px|80px&#8221; border_radii_phone=&#8221;off|||50px|50px&#8221; border_radii_last_edited=&#8221;off|desktop&#8221; locked=&#8221;off&#8221; global_colors_info=&#8221;{}&#8221; theme_builder_area=&#8221;post_content&#8221; da_is_popup=&#8221;off&#8221; da_exit_intent=&#8221;off&#8221; da_has_close=&#8221;on&#8221; da_alt_close=&#8221;off&#8221; da_dark_close=&#8221;off&#8221; da_not_modal=&#8221;on&#8221; da_is_singular=&#8221;off&#8221; da_with_loader=&#8221;off&#8221; da_has_shadow=&#8221;on&#8221;][et_pb_row column_structure=&#8221;1_4,3_4&#8243; _builder_version=&#8221;4.27.4&#8243; _module_preset=&#8221;default&#8221; background_enable_color=&#8221;off&#8221; width=&#8221;90%&#8221; max_width=&#8221;1500px&#8221; custom_margin=&#8221;|auto|26px|auto|false|false&#8221; custom_margin_tablet=&#8221;|auto|70px|auto|false|false&#8221; custom_margin_phone=&#8221;|auto|30px|auto|false|false&#8221; custom_margin_last_edited=&#8221;on|phone&#8221; global_colors_info=&#8221;{}&#8221; locked=&#8221;off&#8221; theme_builder_area=&#8221;post_content&#8221;][et_pb_column type=&#8221;1_4&#8243; _builder_version=&#8221;4.27.0&#8243; _module_preset=&#8221;default&#8221; global_colors_info=&#8221;{}&#8221; theme_builder_area=&#8221;post_content&#8221;][et_pb_image src=&#8221;https:\/\/jobb.lansforsakringar.se\/lf-jonkoping\/wp-content\/uploads\/sites\/9\/2025\/10\/LF_Jkpg_Emma-Nilsson-1.jpg&#8221; title_text=&#8221;LF_Jkpg_Emma Nilsson (1)&#8221; align=&#8221;center&#8221; _builder_version=&#8221;4.27.4&#8243; _module_preset=&#8221;default&#8221; max_width_tablet=&#8221;300px&#8221; max_width_phone=&#8221;200px&#8221; max_width_last_edited=&#8221;on|phone&#8221; module_alignment=&#8221;left&#8221; custom_padding=&#8221;||||false|false&#8221; module_alignment_phone=&#8221;left&#8221; module_alignment_last_edited=&#8221;off|phone&#8221; border_radii=&#8221;on|600px|600px|600px|600px&#8221; global_colors_info=&#8221;{}&#8221; theme_builder_area=&#8221;post_content&#8221;][\/et_pb_image][\/et_pb_column][et_pb_column type=&#8221;3_4&#8243; _builder_version=&#8221;4.27.0&#8243; _module_preset=&#8221;default&#8221; global_colors_info=&#8221;{}&#8221; theme_builder_area=&#8221;post_content&#8221;][et_pb_text _builder_version=&#8221;4.27.4&#8243; _module_preset=&#8221;default&#8221; text_text_color=&#8221;#1E1E1E&#8221; header_font=&#8221;IBMPlexSans-Bold||||||||&#8221; header_text_align=&#8221;left&#8221; header_text_color=&#8221;#04417a&#8221; header_font_size=&#8221;37px&#8221; text_orientation=&#8221;center&#8221; custom_margin=&#8221;0px|0px|0px|0px|false|false&#8221; custom_padding=&#8221;0px|0px|0px|0px|false|false&#8221; header_font_size_tablet=&#8221;30px&#8221; header_font_size_phone=&#8221;28px&#8221; header_font_size_last_edited=&#8221;on|phone&#8221; global_colors_info=&#8221;{}&#8221; theme_builder_area=&#8221;post_content&#8221;]<\/p>\n<h1>Emma Nilsson<\/h1>\n<p>[\/et_pb_text][et_pb_text _builder_version=&#8221;4.27.4&#8243; _module_preset=&#8221;default&#8221; text_font=&#8221;IBMPlexSans-Regular||||||||&#8221; text_text_color=&#8221;#222222&#8243; text_font_size=&#8221;20px&#8221; text_line_height=&#8221;1.3em&#8221; header_font=&#8221;&#8211;et_global_body_font|&#8211;et_global_body_font_weight|||||||&#8221; header_text_color=&#8221;#1E1E1E&#8221; header_font_size=&#8221;80px&#8221; custom_margin=&#8221;15px||30px||false|false&#8221; text_font_size_tablet=&#8221;18px&#8221; text_font_size_phone=&#8221;17px&#8221; text_font_size_last_edited=&#8221;on|phone&#8221; global_colors_info=&#8221;{}&#8221; theme_builder_area=&#8221;post_content&#8221;]<\/p>\n<p class=\"p1\"><strong>Roll: <\/strong>Skadereglerare<strong><br \/>\u00c5lder: <\/strong>28<strong><br \/>Tid p\u00e5 bolaget: <\/strong>3 \u00e5r<strong><br \/>Kommer senast fr\u00e5n: <\/strong>Butik, s\u00e4ljchef<strong><br \/><\/strong><strong><\/strong><\/p>\n<p class=\"p1\"><strong>Hur kan en vanlig arbetsdag se ut f\u00f6r dig?<br \/><\/strong>Mina dagar b\u00f6rjar alltid med en kopp kaffe och en \u00f6versikt av inkommande \u00e4renden. Under dagen hanterar jag kundkontakter via telefon, mejl och bes\u00f6k. Varje \u00e4rende \u00e4r unikt, och jag tr\u00e4ffar ofta kunder i utsatta situationer. Det \u00e4r just variationen och kundm\u00f6tena som g\u00f6r jobbet s\u00e5 givande.<\/p>\n<p class=\"p1\"><strong>Hur skulle du beskriva teamdynamiken och samarbetet inom ditt omr\u00e5de?<br \/><\/strong>Vi arbetar som ett lag och st\u00f6ttar varandra i alla \u00e4renden. Vi finns alltid d\u00e4r f\u00f6r att bolla med varandra, det kan man alltid vara trygg i. Vi samarbetar ocks\u00e5 med m\u00e5nga andra enheter vid vissa tillf\u00e4llen, vilket fungerar precis lika bra.<\/p>\n<p class=\"p1\"><strong>Hur skulle du beskriva f\u00f6retagets kultur?<br \/><\/strong>F\u00f6retagskulturen \u00e4r varm och inkluderande. Det \u00e4r alltid ett \u201dhej\u201d n\u00e4r man m\u00f6ts i korridorerna, och det finns en stark gemenskap som pr\u00e4glas av st\u00f6d och omtanke. Man \u00e4r stolt \u00f6ver att jobba p\u00e5 L\u00e4nsf\u00f6rs\u00e4kringar J\u00f6nk\u00f6ping.<\/p>\n<p class=\"p1\"><strong>Vad g\u00f6r en skadereglerare till en bra skadereglerare?<br \/><\/strong>Att kunna bem\u00f6ta kunder med empati och professionalism, s\u00e4rskilt i sv\u00e5ra situationer. V\u00e5r roll handlar inte bara om att f\u00f6lja riktlinjer utan ocks\u00e5 om att vara en trygghet f\u00f6r kunden.<\/p>\n<p class=\"p1\"><strong>Vad \u00e4r det b\u00e4sta med att jobba hos L\u00e4nsf\u00f6rs\u00e4kringar J\u00f6nk\u00f6ping?<\/strong>Gemenskapen och m\u00f6jligheten att utvecklas. Jag b\u00f6rjade i receptionen och har nu avancerat till skadereglerare. H\u00e4r blir man sedd och uppmuntrad att f\u00f6lja sina m\u00e5l. Det \u00e4r vi tillsammans, det \u00e4r vad som \u00e4r s\u00e5 fint &#8211; och p\u00e5 riktigt.<\/p>\n<p>[\/et_pb_text][\/et_pb_column][\/et_pb_row][\/et_pb_section][et_pb_section fb_built=&#8221;1&#8243; admin_label=&#8221;Section&#8221; _builder_version=&#8221;4.27.4&#8243; _module_preset=&#8221;default&#8221; background_color=&#8221;#033d71&#8243; z_index=&#8221;1&#8243; custom_margin=&#8221;||||false|false&#8221; custom_padding=&#8221;5px||5px||true|false&#8221; animation_direction=&#8221;bottom&#8221; background_last_edited=&#8221;off|desktop&#8221; background_enable_color_phone=&#8221;off&#8221; da_disable_devices=&#8221;off|off|off&#8221; border_radii_tablet=&#8221;off|80px|80px||&#8221; border_radii_phone=&#8221;off|50px|50px||&#8221; border_radii_last_edited=&#8221;off|desktop&#8221; locked=&#8221;off&#8221; global_colors_info=&#8221;{}&#8221; theme_builder_area=&#8221;post_content&#8221; da_is_popup=&#8221;off&#8221; da_exit_intent=&#8221;off&#8221; da_has_close=&#8221;on&#8221; da_alt_close=&#8221;off&#8221; da_dark_close=&#8221;off&#8221; da_not_modal=&#8221;on&#8221; da_is_singular=&#8221;off&#8221; da_with_loader=&#8221;off&#8221; da_has_shadow=&#8221;on&#8221;][et_pb_row custom_padding_last_edited=&#8221;on|phone&#8221; _builder_version=&#8221;4.27.0&#8243; _module_preset=&#8221;default&#8221; background_enable_color=&#8221;off&#8221; width=&#8221;90%&#8221; max_width=&#8221;1500px&#8221; custom_margin=&#8221;28px|auto|28px|auto|true|false&#8221; custom_margin_tablet=&#8221;|auto|0px|auto|false|false&#8221; custom_margin_phone=&#8221;0px|auto|30px|auto|false|false&#8221; custom_margin_last_edited=&#8221;off|tablet&#8221; custom_padding=&#8221;0px||0px||false|false&#8221; custom_padding_tablet=&#8221;&#8221; custom_padding_phone=&#8221;10px||||false|false&#8221; global_colors_info=&#8221;{}&#8221; theme_builder_area=&#8221;post_content&#8221;][et_pb_column type=&#8221;4_4&#8243; _builder_version=&#8221;4.27.0&#8243; _module_preset=&#8221;default&#8221; global_colors_info=&#8221;{}&#8221; theme_builder_area=&#8221;post_content&#8221;][et_pb_image src=&#8221;https:\/\/jobb.lansforsakringar.se\/wp-content\/uploads\/2025\/10\/Jobylon-Logo-White.png&#8221; alt=&#8221;Jobylon \u2013 logotyp f\u00f6r det rekryteringssystem (ATS) som sidan \u00e4r byggd i och l\u00e4nk vidare till Jobylon.com&#8221; title_text=&#8221;Jobylon Logo White&#8221; url=&#8221;https:\/\/www.jobylon.com\/&#8221; _builder_version=&#8221;4.27.4&#8243; _module_preset=&#8221;default&#8221; max_width=&#8221;200px&#8221; module_alignment=&#8221;center&#8221; custom_margin=&#8221;||16px|||&#8221; global_colors_info=&#8221;{}&#8221; transform_styles__hover_enabled=&#8221;on|hover&#8221; transform_scale__hover_enabled=&#8221;on|hover&#8221; transform_translate__hover_enabled=&#8221;on|desktop&#8221; transform_rotate__hover_enabled=&#8221;on|desktop&#8221; transform_skew__hover_enabled=&#8221;on|desktop&#8221; transform_origin__hover_enabled=&#8221;on|desktop&#8221; transform_scale__hover=&#8221;104%|104%&#8221; theme_builder_area=&#8221;post_content&#8221;][\/et_pb_image][et_pb_text _builder_version=&#8221;4.27.4&#8243; _module_preset=&#8221;default&#8221; text_text_color=&#8221;#FFFFFF&#8221; link_text_color=&#8221;#FFFFFF&#8221; text_orientation=&#8221;center&#8221; custom_margin=&#8221;12px|||||&#8221; global_colors_info=&#8221;{}&#8221; theme_builder_area=&#8221;post_content&#8221;]<\/p>\n<p><span>Designed &amp; Powered by <a href=\"https:\/\/www.jobylon.com\/\">Jobylon<\/a><\/span><\/p>\n<p>[\/et_pb_text][\/et_pb_column][\/et_pb_row][\/et_pb_section]<\/p>\n","protected":false},"excerpt":{"rendered":"<p>Emma NilssonRoll: Skadereglerare\u00c5lder: 28Tid p\u00e5 bolaget: 3 \u00e5rKommer senast fr\u00e5n: Butik, s\u00e4ljchef Hur kan en vanlig arbetsdag se ut f\u00f6r dig?Mina dagar b\u00f6rjar alltid med en kopp kaffe och en \u00f6versikt av inkommande \u00e4renden. Under dagen hanterar jag kundkontakter via telefon, mejl och bes\u00f6k. Varje \u00e4rende \u00e4r unikt, och jag tr\u00e4ffar ofta kunder i utsatta situationer. Det \u00e4r just variationen och kundm\u00f6tena som g\u00f6r jobbet s\u00e5 givande. Hur skulle du beskriva teamdynamiken och samarbetet inom ditt omr\u00e5de?Vi arbetar som ett lag och st\u00f6ttar varandra i alla \u00e4renden. Vi finns alltid d\u00e4r f\u00f6r att bolla med varandra, det kan man alltid vara trygg i. Vi samarbetar ocks\u00e5 med m\u00e5nga andra enheter vid vissa tillf\u00e4llen, vilket fungerar precis lika bra. Hur skulle du beskriva f\u00f6retagets kultur?F\u00f6retagskulturen \u00e4r varm och inkluderande. Det \u00e4r alltid ett \u201dhej\u201d n\u00e4r man m\u00f6ts i korridorerna, och det finns en stark gemenskap som pr\u00e4glas av st\u00f6d och omtanke. Man \u00e4r stolt \u00f6ver att jobba p\u00e5 L\u00e4nsf\u00f6rs\u00e4kringar J\u00f6nk\u00f6ping. Vad g\u00f6r en skadereglerare till en bra skadereglerare?Att kunna bem\u00f6ta kunder med empati och professionalism, s\u00e4rskilt i sv\u00e5ra situationer. V\u00e5r roll handlar inte bara om att f\u00f6lja riktlinjer utan ocks\u00e5 om att vara en trygghet f\u00f6r kunden. Vad \u00e4r det b\u00e4sta [&hellip;]<\/p>\n","protected":false},"author":2,"featured_media":0,"parent":0,"menu_order":0,"comment_status":"closed","ping_status":"closed","template":"","meta":{"_et_pb_use_builder":"on","_et_pb_old_content":"","_et_gb_content_width":"","footnotes":""},"class_list":["post-910","page","type-page","status-publish","hentry"],"featured_image_src":null,"featured_image_src_square":null,"_links":{"self":[{"href":"https:\/\/jobb.lansforsakringar.se\/lf-jonkoping\/wp-json\/wp\/v2\/pages\/910","targetHints":{"allow":["GET"]}}],"collection":[{"href":"https:\/\/jobb.lansforsakringar.se\/lf-jonkoping\/wp-json\/wp\/v2\/pages"}],"about":[{"href":"https:\/\/jobb.lansforsakringar.se\/lf-jonkoping\/wp-json\/wp\/v2\/types\/page"}],"author":[{"embeddable":true,"href":"https:\/\/jobb.lansforsakringar.se\/lf-jonkoping\/wp-json\/wp\/v2\/users\/2"}],"replies":[{"embeddable":true,"href":"https:\/\/jobb.lansforsakringar.se\/lf-jonkoping\/wp-json\/wp\/v2\/comments?post=910"}],"version-history":[{"count":0,"href":"https:\/\/jobb.lansforsakringar.se\/lf-jonkoping\/wp-json\/wp\/v2\/pages\/910\/revisions"}],"wp:attachment":[{"href":"https:\/\/jobb.lansforsakringar.se\/lf-jonkoping\/wp-json\/wp\/v2\/media?parent=910"}],"curies":[{"name":"wp","href":"https:\/\/api.w.org\/{rel}","templated":true}]}}