{"id":911,"date":"2025-11-03T20:30:08","date_gmt":"2025-11-03T20:30:08","guid":{"rendered":"https:\/\/lfabjobs.wpenginepowered.com\/lfab\/?page_id=911"},"modified":"2025-12-08T11:49:23","modified_gmt":"2025-12-08T11:49:23","slug":"digital-och-it","status":"publish","type":"page","link":"https:\/\/jobb.lansforsakringar.se\/lfab\/digital-och-it\/","title":{"rendered":"Digital och IT"},"content":{"rendered":"<p>[et_pb_section fb_built=&#8221;1&#8243; admin_label=&#8221;Section&#8221; module_id=&#8221;digital&#8221; _builder_version=&#8221;4.27.4&#8243; _module_preset=&#8221;default&#8221; background_color=&#8221;#E5EFF7&#8243; custom_padding=&#8221;||70px|||&#8221; custom_css_free_form=&#8221;#et-boc .area-outer-wrap .da-close {||    background: none !important;||    -webkit-box-shadow: none!important;||    box-shadow: none !important;||    color: #04417a !important;||    font-size: 30px;||    right: 10px;||    top: 10px;||}&#8221; da_popup_slug=&#8221;digital&#8221; da_disable_devices=&#8221;off|off|off&#8221; global_colors_info=&#8221;{}&#8221; da_is_popup=&#8221;off&#8221; da_exit_intent=&#8221;off&#8221; da_has_close=&#8221;on&#8221; da_alt_close=&#8221;off&#8221; da_dark_close=&#8221;off&#8221; da_not_modal=&#8221;on&#8221; da_is_singular=&#8221;off&#8221; da_with_loader=&#8221;off&#8221; da_has_shadow=&#8221;on&#8221;][et_pb_row column_structure=&#8221;3_5,2_5&#8243; _builder_version=&#8221;4.27.4&#8243; _module_preset=&#8221;default&#8221; width=&#8221;90%&#8221; max_width=&#8221;1500px&#8221; global_colors_info=&#8221;{}&#8221;][et_pb_column type=&#8221;3_5&#8243; _builder_version=&#8221;4.27.4&#8243; _module_preset=&#8221;default&#8221; global_colors_info=&#8221;{}&#8221;][et_pb_text _builder_version=&#8221;4.27.4&#8243; _module_preset=&#8221;default&#8221; text_text_color=&#8221;#1E1E1E&#8221; header_font=&#8221;IBMPlexSans-Bold||||||||&#8221; header_text_align=&#8221;left&#8221; header_text_color=&#8221;#04417a&#8221; header_font_size=&#8221;37px&#8221; text_orientation=&#8221;center&#8221; custom_margin=&#8221;0px|0px|17px|0px|false|false&#8221; custom_padding=&#8221;0px|0px|0px|0px|false|false&#8221; header_font_size_tablet=&#8221;30px&#8221; header_font_size_phone=&#8221;28px&#8221; header_font_size_last_edited=&#8221;on|phone&#8221; global_colors_info=&#8221;{}&#8221;]<\/p>\n<h1><span class=\"s1\"><b>Digital &amp; IT \u2013 Framtidens motor i L\u00e4nsf\u00f6rs\u00e4kringsgruppen<\/b><\/span><\/h1>\n<p>[\/et_pb_text][et_pb_text _builder_version=&#8221;4.27.4&#8243; _module_preset=&#8221;default&#8221; global_colors_info=&#8221;{}&#8221;]<\/p>\n<p class=\"p1\">\n<p class=\"p1\"><span class=\"s1\">Digital &amp; IT \u00e4r hj\u00e4rtat i L\u00e4nsf\u00f6rs\u00e4kringsgruppens digitala utveckling. Vi driver den gemensamma digitala transformationen och levererar f\u00f6rstklassiga IT-l\u00f6sningar, datadrivna insikter och innovativa digitala tj\u00e4nster som skapar v\u00e4rde f\u00f6r hela verksamheten. V\u00e5rt uppdrag \u00e4r att bygga en robust och framtidss\u00e4ker IT-milj\u00f6 \u2013 b\u00e5de p\u00e5 plats och i molnet \u2013 som m\u00f6jligg\u00f6r kundn\u00e4ra och effektiva aff\u00e4rer i hela gruppen.<\/span><span class=\"s1\"><\/span><\/p>\n<p class=\"p3\"><span class=\"s1\"><b>V\u00e5rt uppdrag och v\u00e5rt arbetss\u00e4tt<\/b><\/span><\/p>\n<p class=\"p3\"><span class=\"s1\">Hos oss m\u00f6ts teknik, aff\u00e4r och innovation. Vi arbetar tv\u00e4rfunktionellt ute i verksamheten\u00a0i agila team d\u00e4r utveckling, drift och strategi g\u00e5r hand i hand. Vi ansvarar f\u00f6r allt fr\u00e5n IT-styrning, enterprisearkitektur och leverant\u00f6rshantering till applikationsutveckling, cybers\u00e4kerhet och verksamhetsberedskap.<\/span><\/p>\n<p class=\"p4\"><span class=\"s1\">Vi s\u00e4tter anv\u00e4ndaren i centrum och fokuserar p\u00e5 att skapa digitala upplevelser som \u00e4r intuitiva, tillg\u00e4ngliga och v\u00e4rdeskapande \u2013 oavsett om det g\u00e4ller medarbetare, partners eller kunder.<\/span><span class=\"s1\"><\/span><\/p>\n<p class=\"p3\"><span class=\"s1\"><b>Data, AI och innovation i fokus<\/b><\/span><\/p>\n<p class=\"p4\"><span class=\"s1\">Digital &amp; IT \u00e4r en drivande kraft i L\u00e4nsf\u00f6rs\u00e4kringsgruppens satsning p\u00e5 data och artificiell intelligens. Vi ser potentialen i att omvandla data till smarta l\u00f6sningar och datadrivna beslut som st\u00e4rker b\u00e5de kundupplevelsen och effektiviteten i verksamheten. Genom avancerad analys, maskininl\u00e4rning och moderna AI-tj\u00e4nster skapar vi nya m\u00f6jligheter och innovationer som formar framtidens f\u00f6rs\u00e4kringstj\u00e4nster.<\/span><span class=\"s1\"><\/span><\/p>\n<p class=\"p3\"><span class=\"s1\"><b>En kultur av samarbete och fram\u00e5tanda<\/b><\/span><\/p>\n<p class=\"p4\"><span class=\"s1\">Vi tror p\u00e5 kraften i samarbete, engagemang och st\u00e4ndig utveckling. V\u00e5r kultur pr\u00e4glas av nyfikenhet, ansvar och modet att testa nytt. H\u00e4r f\u00e5r du arbeta med den senaste tekniken i en milj\u00f6 d\u00e4r dina id\u00e9er tas p\u00e5 allvar och d\u00e4r vi tillsammans driver f\u00f6r\u00e4ndring \u2013 med kunden och aff\u00e4ren i fokus.<\/span><span class=\"s1\"><\/span><\/p>\n<p class=\"p3\"><span class=\"s1\"><b>Vill du vara med och driva den digitala resan hos en av Sveriges mest attraktiva arbetsgivare<\/b><\/span><\/p>\n<p class=\"p6\"><span class=\"s1\">Hos Digital &amp; IT f\u00e5r du m\u00f6jlighet att p\u00e5verka, utvecklas och bidra till n\u00e5got som verkligen g\u00f6r skillnad. Tillsammans skapar vi framtidens digitala l\u00f6sningar \u2013 trygga, h\u00e5llbara och fyllda av m\u00f6jligheter.<\/span><\/p>\n<p>[\/et_pb_text][\/et_pb_column][et_pb_column type=&#8221;2_5&#8243; _builder_version=&#8221;4.27.4&#8243; _module_preset=&#8221;default&#8221; global_colors_info=&#8221;{}&#8221;][et_pb_image src=&#8221;https:\/\/jobb.lansforsakringar.se\/lfab\/wp-content\/uploads\/sites\/7\/2025\/09\/LFAB-1000&#215;1000-1-1.png&#8221; title_text=&#8221;LFAB 1000&#215;1000 (1)&#8221; _builder_version=&#8221;4.27.4&#8243; _module_preset=&#8221;default&#8221; border_radii=&#8221;on|20px|20px|20px|20px&#8221; global_colors_info=&#8221;{}&#8221;][\/et_pb_image][\/et_pb_column][\/et_pb_row][\/et_pb_section][et_pb_section fb_built=&#8221;1&#8243; custom_padding_last_edited=&#8221;off|desktop&#8221; admin_label=&#8221;Section&#8221; module_id=&#8221;LF&#8221; _builder_version=&#8221;4.27.4&#8243; _module_preset=&#8221;default&#8221; background_enable_color=&#8221;off&#8221; background_enable_image=&#8221;off&#8221; background_size=&#8221;custom&#8221; background_image_width=&#8221;45%&#8221; background_position=&#8221;center_left&#8221; custom_margin=&#8221;||||false|false&#8221; custom_margin_tablet=&#8221;0px||0px||false|false&#8221; custom_margin_phone=&#8221;0px||0px||false|false&#8221; custom_margin_last_edited=&#8221;on|tablet&#8221; custom_padding=&#8221;50px||30px||false|false&#8221; custom_padding_tablet=&#8221;0px||0px||false|false&#8221; custom_padding_phone=&#8221;0px||0px||false|false&#8221; hover_enabled=&#8221;0&#8243; da_popup_slug=&#8221;LF&#8221; da_disable_devices=&#8221;off|off|off&#8221; border_radii=&#8221;off||||&#8221; border_radii_tablet=&#8221;off|||80px|80px&#8221; border_radii_phone=&#8221;off|||50px|50px&#8221; border_radii_last_edited=&#8221;off|desktop&#8221; locked=&#8221;off&#8221; global_colors_info=&#8221;{}&#8221; disabled_on=&#8221;on|on|on&#8221; disabled=&#8221;on&#8221; sticky_enabled=&#8221;0&#8243; da_is_popup=&#8221;off&#8221; da_exit_intent=&#8221;off&#8221; da_has_close=&#8221;on&#8221; da_alt_close=&#8221;off&#8221; da_dark_close=&#8221;off&#8221; da_not_modal=&#8221;on&#8221; da_is_singular=&#8221;off&#8221; da_with_loader=&#8221;off&#8221; da_has_shadow=&#8221;on&#8221;][et_pb_row use_custom_gutter=&#8221;on&#8221; _builder_version=&#8221;4.27.4&#8243; _module_preset=&#8221;default&#8221; background_enable_color=&#8221;off&#8221; width=&#8221;90%&#8221; max_width=&#8221;1500px&#8221; custom_margin=&#8221;|auto||auto|false|false&#8221; custom_margin_tablet=&#8221;50px|auto|20px|auto|false|false&#8221; custom_margin_phone=&#8221;|auto|0px|auto|false|false&#8221; custom_margin_last_edited=&#8221;off|desktop&#8221; global_colors_info=&#8221;{}&#8221;][et_pb_column type=&#8221;4_4&#8243; _builder_version=&#8221;4.27.0&#8243; _module_preset=&#8221;default&#8221; global_colors_info=&#8221;{}&#8221;][et_pb_text _builder_version=&#8221;4.27.4&#8243; _module_preset=&#8221;default&#8221; text_text_color=&#8221;#1E1E1E&#8221; header_font=&#8221;IBMPlexSans-Bold||||||||&#8221; header_text_align=&#8221;left&#8221; header_text_color=&#8221;#04417a&#8221; header_font_size=&#8221;37px&#8221; text_orientation=&#8221;center&#8221; custom_margin=&#8221;||||false|false&#8221; custom_padding=&#8221;||||false|false&#8221; header_font_size_tablet=&#8221;30px&#8221; header_font_size_phone=&#8221;28px&#8221; header_font_size_last_edited=&#8221;on|phone&#8221; global_colors_info=&#8221;{}&#8221;]<\/p>\n<h1><span class=\"s1\">Detta s\u00e4ger v\u00e5ra kollegor<\/span><\/h1>\n<p>[\/et_pb_text][dsm_card_carousel autoplay=&#8221;off&#8221; space_between=&#8221;30&#8243; equal_height=&#8221;on&#8221; arrow_color=&#8221;#E5EFF7&#8243; dots=&#8221;off&#8221; _builder_version=&#8221;4.27.4&#8243; _module_preset=&#8221;default&#8221; global_colors_info=&#8221;{}&#8221;][dsm_card_carousel_child image_as_background=&#8221;off&#8221; badge_text=&#8221;Badget Text&#8221; content_padding=&#8221;400px|40px|50px|40px|false|true&#8221; button_url_new_window=&#8221;1&#8243; _builder_version=&#8221;4.27.4&#8243; _module_preset=&#8221;default&#8221; body_font=&#8221;IBMPlexSans-Regular||||||||&#8221; body_text_align=&#8221;center&#8221; body_text_color=&#8221;#FFFFFF&#8221; use_background_color_gradient=&#8221;on&#8221; background_color_gradient_stops=&#8221;rgba(255,255,255,0) 50%|#222222 100%&#8221; background_color_gradient_overlays_image=&#8221;on&#8221; background_image=&#8221;https:\/\/jobb.lansforsakringar.se\/lfab\/wp-content\/uploads\/sites\/7\/2025\/09\/2.png&#8221; background_enable_image=&#8221;on&#8221; transform_translate_linked__hover=&#8221;off&#8221; border_radii=&#8221;on|20px|20px|20px|20px&#8221; global_colors_info=&#8221;{}&#8221; transform_styles__hover_enabled=&#8221;off|desktop&#8221; transform_scale__hover_enabled=&#8221;off|desktop&#8221; transform_translate__hover_enabled=&#8221;off|desktop&#8221; transform_rotate__hover_enabled=&#8221;off|desktop&#8221; transform_skew__hover_enabled=&#8221;off|desktop&#8221; transform_origin__hover_enabled=&#8221;off|desktop&#8221; transform_scale__hover=&#8221;100%|100%&#8221; parent_button=&#8221;off&#8221; parent_header_level=&#8221;h4&#8243;]<\/p>\n<div class=\"page\" title=\"Page 1\">\n<div class=\"section\">\n<div class=\"layoutArea\">\n<div class=\"column\">\n<p style=\"text-align: center;\"><img loading=\"lazy\" decoding=\"async\" src=\"https:\/\/jobb.lansforsakringar.se\/lfab\/wp-content\/uploads\/sites\/7\/2025\/10\/Quote-50x50px-1.png\" width=\"50\" height=\"50\" alt=\"\" class=\"wp-image-852 alignnone size-full\" \/><\/p>\n<p><em><strong><span class=\"s1\">\u201dJag har utvecklats b\u00e5de professionellt och som person sedan jag b\u00f6rjade jobba som L\u00e5nehandl\u00e4ggare p\u00e5 LF-Norrbotten\u201d<\/span><\/strong><\/em><\/p>\n<p><strong><span class=\"s1\">Arbetare 1<\/span><br \/><\/strong><span><span class=\"s1\">Handl\u00e4ggare p\u00e5 LF S\u00f6rmland<\/span><\/span><span><span class=\"s1\"><\/span><\/span><\/p>\n<\/div>\n<\/div>\n<\/div>\n<\/div>\n<p>[\/dsm_card_carousel_child][dsm_card_carousel_child image_as_background=&#8221;off&#8221; badge_text=&#8221;Badget Text&#8221; content_padding=&#8221;400px|40px|50px|40px|false|true&#8221; button_url_new_window=&#8221;1&#8243; _builder_version=&#8221;4.27.4&#8243; _module_preset=&#8221;default&#8221; body_font=&#8221;IBMPlexSans-Regular||||||||&#8221; body_text_align=&#8221;center&#8221; body_text_color=&#8221;#FFFFFF&#8221; use_background_color_gradient=&#8221;on&#8221; background_color_gradient_stops=&#8221;rgba(255,255,255,0) 50%|#222222 100%&#8221; background_color_gradient_overlays_image=&#8221;on&#8221; background_image=&#8221;https:\/\/jobb.lansforsakringar.se\/lfab\/wp-content\/uploads\/sites\/7\/2025\/09\/8.png&#8221; background_enable_image=&#8221;on&#8221; transform_scale_last_edited=&#8221;off|desktop&#8221; transform_translate_last_edited=&#8221;off|desktop&#8221; transform_rotate_last_edited=&#8221;off|desktop&#8221; transform_skew_last_edited=&#8221;off|desktop&#8221; transform_origin_last_edited=&#8221;off|desktop&#8221; transform_styles_last_edited=&#8221;off|desktop&#8221; border_radii=&#8221;on|20px|20px|20px|20px&#8221; global_colors_info=&#8221;{}&#8221; transform_styles__hover_enabled=&#8221;off|desktop&#8221; transform_scale__hover_enabled=&#8221;off|desktop&#8221; transform_translate__hover_enabled=&#8221;off|desktop&#8221; transform_rotate__hover_enabled=&#8221;off|desktop&#8221; transform_skew__hover_enabled=&#8221;off|desktop&#8221; transform_origin__hover_enabled=&#8221;off|desktop&#8221; transform_scale__hover=&#8221;100%|100%&#8221; parent_button=&#8221;off&#8221; parent_header_level=&#8221;h4&#8243;]<\/p>\n<div class=\"page\" title=\"Page 1\">\n<div class=\"section\">\n<div class=\"layoutArea\">\n<div class=\"column\">\n<p style=\"text-align: center;\"><img loading=\"lazy\" decoding=\"async\" src=\"https:\/\/jobb.lansforsakringar.se\/lfab\/wp-content\/uploads\/sites\/7\/2025\/10\/Quote-50x50px-1.png\" width=\"50\" height=\"50\" alt=\"\" class=\"wp-image-852 alignnone size-full\" \/><\/p>\n<p><em><strong><span class=\"s1\">\u201dJag \u00e4lskar den inkluderande kulturen. Jag blev en del av gemenskapen redan p\u00e5 dag 1.\u201d<\/span><\/strong><\/em><\/p>\n<p><strong>Arbetare 2<br \/><\/strong><span class=\"s1\">Jurist p\u00e5 LF Sk\u00e5nt<\/span><\/p>\n<\/div>\n<\/div>\n<\/div>\n<\/div>\n<p>[\/dsm_card_carousel_child][dsm_card_carousel_child image_as_background=&#8221;off&#8221; badge_text=&#8221;Badget Text&#8221; content_padding=&#8221;400px|40px|50px|40px|false|true&#8221; button_url_new_window=&#8221;1&#8243; _builder_version=&#8221;4.27.4&#8243; _module_preset=&#8221;default&#8221; body_font=&#8221;IBMPlexSans-Regular||||||||&#8221; body_text_align=&#8221;center&#8221; body_text_color=&#8221;#FFFFFF&#8221; use_background_color_gradient=&#8221;on&#8221; background_color_gradient_stops=&#8221;rgba(255,255,255,0) 50%|#222222 100%&#8221; background_color_gradient_overlays_image=&#8221;on&#8221; background_image=&#8221;https:\/\/jobb.lansforsakringar.se\/lfab\/wp-content\/uploads\/sites\/7\/2025\/09\/Employee-1500&#215;1500-1.png&#8221; background_enable_image=&#8221;on&#8221; border_radii=&#8221;on|20px|20px|20px|20px&#8221; global_colors_info=&#8221;{}&#8221; transform_styles__hover_enabled=&#8221;off|desktop&#8221; transform_scale__hover_enabled=&#8221;off|desktop&#8221; transform_translate__hover_enabled=&#8221;off|desktop&#8221; transform_rotate__hover_enabled=&#8221;off|desktop&#8221; transform_skew__hover_enabled=&#8221;off|desktop&#8221; transform_origin__hover_enabled=&#8221;off|desktop&#8221; transform_scale__hover=&#8221;100%|100%&#8221; parent_button=&#8221;off&#8221; parent_header_level=&#8221;h4&#8243;]<\/p>\n<div class=\"page\" title=\"Page 1\">\n<div class=\"section\">\n<div class=\"layoutArea\">\n<div class=\"column\">\n<p style=\"text-align: center;\"><img loading=\"lazy\" decoding=\"async\" src=\"https:\/\/jobb.lansforsakringar.se\/lfab\/wp-content\/uploads\/sites\/7\/2025\/10\/Quote-50x50px-1.png\" width=\"50\" height=\"50\" alt=\"\" class=\"wp-image-852 alignnone size-full\" \/><\/p>\n<p class=\"p1\"><strong><em><span class=\"s1\">&#8220;Det flexibla arbetss\u00e4ttet g\u00f6r det m\u00f6jligt f\u00f6r mig att ha en b\u00e4ttre balans mellan familjeliv och jobb&#8221;<\/span><\/em><\/strong><\/p>\n<p><strong>Arbetare 3<br \/><\/strong><span><\/span><span class=\"s1\">Cloud-arkitekt p\u00e5 L\u00e4nsf\u00f6rs\u00e4kringar AB<\/span><\/p>\n<\/div>\n<\/div>\n<\/div>\n<\/div>\n<p>[\/dsm_card_carousel_child][\/dsm_card_carousel][\/et_pb_column][\/et_pb_row][\/et_pb_section][et_pb_section fb_built=&#8221;1&#8243; admin_label=&#8221;Section&#8221; _builder_version=&#8221;4.27.4&#8243; _module_preset=&#8221;default&#8221; background_color=&#8221;#005AA0&#8243; z_index=&#8221;1&#8243; custom_margin=&#8221;||||false|false&#8221; custom_padding=&#8221;5px||5px||true|false&#8221; animation_direction=&#8221;bottom&#8221; background_last_edited=&#8221;off|desktop&#8221; background_enable_color_phone=&#8221;off&#8221; da_disable_devices=&#8221;off|off|off&#8221; border_radii_tablet=&#8221;off|80px|80px||&#8221; border_radii_phone=&#8221;off|50px|50px||&#8221; border_radii_last_edited=&#8221;off|desktop&#8221; locked=&#8221;off&#8221; global_colors_info=&#8221;{}&#8221; da_is_popup=&#8221;off&#8221; da_exit_intent=&#8221;off&#8221; da_has_close=&#8221;on&#8221; da_alt_close=&#8221;off&#8221; da_dark_close=&#8221;off&#8221; da_not_modal=&#8221;on&#8221; da_is_singular=&#8221;off&#8221; da_with_loader=&#8221;off&#8221; da_has_shadow=&#8221;on&#8221;][et_pb_row custom_padding_last_edited=&#8221;on|phone&#8221; _builder_version=&#8221;4.27.0&#8243; _module_preset=&#8221;default&#8221; background_enable_color=&#8221;off&#8221; width=&#8221;90%&#8221; max_width=&#8221;1500px&#8221; custom_margin=&#8221;28px|auto|28px|auto|true|false&#8221; custom_margin_tablet=&#8221;|auto|0px|auto|false|false&#8221; custom_margin_phone=&#8221;0px|auto|30px|auto|false|false&#8221; custom_margin_last_edited=&#8221;off|tablet&#8221; custom_padding=&#8221;0px||0px||false|false&#8221; custom_padding_tablet=&#8221;&#8221; custom_padding_phone=&#8221;10px||||false|false&#8221; global_colors_info=&#8221;{}&#8221;][et_pb_column type=&#8221;4_4&#8243; _builder_version=&#8221;4.27.0&#8243; _module_preset=&#8221;default&#8221; global_colors_info=&#8221;{}&#8221;][et_pb_image src=&#8221;https:\/\/jobb.lansforsakringar.se\/wp-content\/uploads\/2025\/10\/Jobylon-Logo-White.png&#8221; title_text=&#8221;Jobylon Logo White&#8221; url=&#8221;https:\/\/www.jobylon.com\/&#8221; url_new_window=&#8221;on&#8221; _builder_version=&#8221;4.27.4&#8243; _module_preset=&#8221;default&#8221; max_width=&#8221;200px&#8221; module_alignment=&#8221;center&#8221; custom_margin=&#8221;||16px|||&#8221; global_colors_info=&#8221;{}&#8221; transform_styles__hover_enabled=&#8221;on|hover&#8221; transform_scale__hover_enabled=&#8221;on|hover&#8221; transform_translate__hover_enabled=&#8221;on|desktop&#8221; transform_rotate__hover_enabled=&#8221;on|desktop&#8221; transform_skew__hover_enabled=&#8221;on|desktop&#8221; transform_origin__hover_enabled=&#8221;on|desktop&#8221; transform_scale__hover=&#8221;104%|104%&#8221;][\/et_pb_image][et_pb_text _builder_version=&#8221;4.27.4&#8243; _module_preset=&#8221;default&#8221; text_text_color=&#8221;#FFFFFF&#8221; link_text_color=&#8221;#FFFFFF&#8221; text_orientation=&#8221;center&#8221; custom_margin=&#8221;12px|||||&#8221; global_colors_info=&#8221;{}&#8221;]<\/p>\n<p><span>Designed &amp; Powered by <a href=\"https:\/\/www.jobylon.com\/\" target=\"_blank\" rel=\"noopener\">Jobylon<\/a><\/span><\/p>\n<p>[\/et_pb_text][\/et_pb_column][\/et_pb_row][\/et_pb_section]<\/p>\n","protected":false},"excerpt":{"rendered":"<p>Digital &amp; IT \u2013 Framtidens motor i L\u00e4nsf\u00f6rs\u00e4kringsgruppen Digital &amp; IT \u00e4r hj\u00e4rtat i L\u00e4nsf\u00f6rs\u00e4kringsgruppens digitala utveckling. Vi driver den gemensamma digitala transformationen och levererar f\u00f6rstklassiga IT-l\u00f6sningar, datadrivna insikter och innovativa digitala tj\u00e4nster som skapar v\u00e4rde f\u00f6r hela verksamheten. V\u00e5rt uppdrag \u00e4r att bygga en robust och framtidss\u00e4ker IT-milj\u00f6 \u2013 b\u00e5de p\u00e5 plats och i molnet \u2013 som m\u00f6jligg\u00f6r kundn\u00e4ra och effektiva aff\u00e4rer i hela gruppen. V\u00e5rt uppdrag och v\u00e5rt arbetss\u00e4tt Hos oss m\u00f6ts teknik, aff\u00e4r och innovation. Vi arbetar tv\u00e4rfunktionellt ute i verksamheten\u00a0i agila team d\u00e4r utveckling, drift och strategi g\u00e5r hand i hand. Vi ansvarar f\u00f6r allt fr\u00e5n IT-styrning, enterprisearkitektur och leverant\u00f6rshantering till applikationsutveckling, cybers\u00e4kerhet och verksamhetsberedskap. Vi s\u00e4tter anv\u00e4ndaren i centrum och fokuserar p\u00e5 att skapa digitala upplevelser som \u00e4r intuitiva, tillg\u00e4ngliga och v\u00e4rdeskapande \u2013 oavsett om det g\u00e4ller medarbetare, partners eller kunder. Data, AI och innovation i fokus Digital &amp; IT \u00e4r en drivande kraft i L\u00e4nsf\u00f6rs\u00e4kringsgruppens satsning p\u00e5 data och artificiell intelligens. Vi ser potentialen i att omvandla data till smarta l\u00f6sningar och datadrivna beslut som st\u00e4rker b\u00e5de kundupplevelsen och effektiviteten i verksamheten. Genom avancerad analys, maskininl\u00e4rning och moderna AI-tj\u00e4nster skapar vi nya m\u00f6jligheter och innovationer som formar framtidens f\u00f6rs\u00e4kringstj\u00e4nster. En kultur av samarbete och [&hellip;]<\/p>\n","protected":false},"author":2,"featured_media":0,"parent":0,"menu_order":0,"comment_status":"closed","ping_status":"closed","template":"","meta":{"_et_pb_use_builder":"on","_et_pb_old_content":"","_et_gb_content_width":"","footnotes":""},"class_list":["post-911","page","type-page","status-publish","hentry"],"featured_image_src":null,"featured_image_src_square":null,"_links":{"self":[{"href":"https:\/\/jobb.lansforsakringar.se\/lfab\/wp-json\/wp\/v2\/pages\/911","targetHints":{"allow":["GET"]}}],"collection":[{"href":"https:\/\/jobb.lansforsakringar.se\/lfab\/wp-json\/wp\/v2\/pages"}],"about":[{"href":"https:\/\/jobb.lansforsakringar.se\/lfab\/wp-json\/wp\/v2\/types\/page"}],"author":[{"embeddable":true,"href":"https:\/\/jobb.lansforsakringar.se\/lfab\/wp-json\/wp\/v2\/users\/2"}],"replies":[{"embeddable":true,"href":"https:\/\/jobb.lansforsakringar.se\/lfab\/wp-json\/wp\/v2\/comments?post=911"}],"version-history":[{"count":0,"href":"https:\/\/jobb.lansforsakringar.se\/lfab\/wp-json\/wp\/v2\/pages\/911\/revisions"}],"wp:attachment":[{"href":"https:\/\/jobb.lansforsakringar.se\/lfab\/wp-json\/wp\/v2\/media?parent=911"}],"curies":[{"name":"wp","href":"https:\/\/api.w.org\/{rel}","templated":true}]}}