{"id":919,"date":"2025-11-03T21:29:26","date_gmt":"2025-11-03T21:29:26","guid":{"rendered":"https:\/\/lfabjobs.wpenginepowered.com\/lfab\/?page_id=919"},"modified":"2025-12-08T11:50:53","modified_gmt":"2025-12-08T11:50:53","slug":"bank","status":"publish","type":"page","link":"https:\/\/jobb.lansforsakringar.se\/lfab\/bank\/","title":{"rendered":"Bank"},"content":{"rendered":"<p>[et_pb_section fb_built=&#8221;1&#8243; admin_label=&#8221;Section&#8221; module_id=&#8221;digital&#8221; _builder_version=&#8221;4.27.4&#8243; _module_preset=&#8221;default&#8221; background_color=&#8221;#E5EFF7&#8243; custom_padding=&#8221;||70px|||&#8221; custom_css_free_form=&#8221;#et-boc .area-outer-wrap .da-close {||    background: none !important;||    -webkit-box-shadow: none!important;||    box-shadow: none !important;||    color: #04417a !important;||    font-size: 30px;||    right: 10px;||    top: 10px;||}&#8221; da_popup_slug=&#8221;digital&#8221; da_disable_devices=&#8221;off|off|off&#8221; global_colors_info=&#8221;{}&#8221; da_is_popup=&#8221;off&#8221; da_exit_intent=&#8221;off&#8221; da_has_close=&#8221;on&#8221; da_alt_close=&#8221;off&#8221; da_dark_close=&#8221;off&#8221; da_not_modal=&#8221;on&#8221; da_is_singular=&#8221;off&#8221; da_with_loader=&#8221;off&#8221; da_has_shadow=&#8221;on&#8221;][et_pb_row column_structure=&#8221;3_5,2_5&#8243; _builder_version=&#8221;4.27.4&#8243; _module_preset=&#8221;default&#8221; width=&#8221;90%&#8221; max_width=&#8221;1500px&#8221; global_colors_info=&#8221;{}&#8221;][et_pb_column type=&#8221;3_5&#8243; _builder_version=&#8221;4.27.4&#8243; _module_preset=&#8221;default&#8221; global_colors_info=&#8221;{}&#8221;][et_pb_text _builder_version=&#8221;4.27.4&#8243; _module_preset=&#8221;default&#8221; text_text_color=&#8221;#1E1E1E&#8221; header_font=&#8221;IBMPlexSans-Bold||||||||&#8221; header_text_align=&#8221;left&#8221; header_text_color=&#8221;#04417a&#8221; header_font_size=&#8221;37px&#8221; text_orientation=&#8221;center&#8221; custom_margin=&#8221;0px|0px|17px|0px|false|false&#8221; custom_padding=&#8221;0px|0px|0px|0px|false|false&#8221; header_font_size_tablet=&#8221;30px&#8221; header_font_size_phone=&#8221;28px&#8221; header_font_size_last_edited=&#8221;on|phone&#8221; global_colors_info=&#8221;{}&#8221;]<\/p>\n<h1><span class=\"s1\"><b>Varmt v\u00e4lkommen till L\u00e4nsf\u00f6rs\u00e4kringar bank!<\/b><\/span><\/h1>\n<p>[\/et_pb_text][et_pb_text _builder_version=&#8221;4.27.4&#8243; _module_preset=&#8221;default&#8221; global_colors_info=&#8221;{}&#8221;]<\/p>\n<p class=\"p1\"><span class=\"s1\">Vi \u00e4r en av Sveriges st\u00f6rsta banker \u2013 och en av de mest omtyckta. Sedan starten 1996 har vi vuxit till en fullservicebank som erbjuder allt fr\u00e5n betal- och sparal\u00f6sningar till bol\u00e5n, finansieringsl\u00f6sningar och ett brett fondutbud.<\/span><\/p>\n<p class=\"p1\"><span class=\"s1\">Hos oss kombineras det personliga m\u00f6tet p\u00e5 v\u00e5ra kontor runt om i landet med ett modernt och starkt digitalt erbjudande. Det g\u00f6r att vi kan vara n\u00e4ra v\u00e5ra kunder \u2013 b\u00e5de i vardagen och i de stora livsbesluten.<\/span><\/p>\n<p class=\"p1\"><span class=\"s1\">Vi har ett tydligt kundfokus i allt vi g\u00f6r och hamnar \u00e5r efter \u00e5r i topp n\u00e4r det g\u00e4ller kundn\u00f6jdhet. Tillsammans med v\u00e5ra medarbetare bygger vi en bank som \u00e4r enkel, trygg och h\u00e5llbar \u2013 och som utvecklas i takt med kundernas behov.<\/span><\/p>\n<p class=\"p1\"><span class=\"s1\"><b>Bygg framtidens bank med oss<\/b><\/span><\/p>\n<p class=\"p1\"><span class=\"s1\"> Vill du jobba med tech, innovation och digital utveckling? Hos oss \u00e4r du med och bygger n\u00e4sta generations bankl\u00f6sningar. Vi utvecklar system, produkter och tj\u00e4nster som g\u00f6r vardagen enklare f\u00f6r v\u00e5ra kunder \u2013 idag och imorgon.<\/span><\/p>\n<p class=\"p1\"><span class=\"s1\"><b>Skapa trygghet genom data och analys <\/b><\/span><\/p>\n<p class=\"p1\"><span class=\"s1\">Vill du bidra till en stabil och h\u00e5llbar bank? H\u00e4r finns m\u00f6jligheter inom finans, risk, compliance, kredit och i arbetet att f\u00f6rebygga finansiell brottslighet. Tillsammans skyddar vi b\u00e5de banken och v\u00e5ra kunder.<\/span><\/p>\n<p class=\"p1\"><span class=\"s1\"><b>G\u00f6r skillnad i kundens vardag<\/b><\/span><\/p>\n<p class=\"p1\"><span class=\"s1\">Hos oss jobbar du n\u00e4ra kunderna \u2013 i kundservice och telefonbank, aff\u00e4rsst\u00f6d, marknad och f\u00f6rs\u00e4ljning. Du hj\u00e4lper m\u00e4nniskor med allt fr\u00e5n l\u00e5n och sparande till r\u00e5dgivning och service, alltid med fokus p\u00e5 trygghet och enkelhet.<\/span><span class=\"s1\">\u00a0<\/span><\/p>\n<p class=\"p1\"><span class=\"s1\"><b>Bli en del av bankens dotterbolag<\/b><\/span><\/p>\n<p class=\"p1\"><span class=\"s1\">\u00c4r du intresserad av att jobba med finansieringstj\u00e4nster, d\u00e5 finns LF Finans \u2013 v\u00e5rt dotterbolag som utvecklar smarta finansieringsl\u00f6sningar n\u00e4ra b\u00e5de kunder och samarbetspartners.<\/span><\/p>\n<p class=\"p1\"><span class=\"s1\">Vill du jobba med utveckling och f\u00f6rvaltning av v\u00e5ra popul\u00e4ra fonder?<span class=\"Apple-converted-space\">\u00a0 <\/span>L\u00e4nsf\u00f6rs\u00e4kringar Fondf\u00f6rvaltning som erbjuder ett brett och h\u00e5llbart fondutbud. <\/span><\/p>\n<p class=\"p1\"><span class=\"s1\">Du kan ocks\u00e5 bli en del av SAVR, v\u00e5r nya digitala plattform f\u00f6r fondsparande och investeringar, d\u00e4r vi bygger framtidens digitala kundupplevelser.<\/span><span class=\"s1\"><\/span><\/p>\n<p class=\"p3\"><span class=\"s1\">Tillsammans g\u00f6r vi det m\u00f6jligt f\u00f6r m\u00e4nniskor att spara, l\u00e5na och investera f\u00f6r en tryggare framtid.<\/span><\/p>\n<p>[\/et_pb_text][\/et_pb_column][et_pb_column type=&#8221;2_5&#8243; _builder_version=&#8221;4.27.4&#8243; _module_preset=&#8221;default&#8221; global_colors_info=&#8221;{}&#8221;][et_pb_image src=&#8221;https:\/\/jobb.lansforsakringar.se\/lfab\/wp-content\/uploads\/sites\/7\/2025\/09\/5.png&#8221; title_text=&#8221;5&#8243; _builder_version=&#8221;4.27.4&#8243; _module_preset=&#8221;default&#8221; border_radii=&#8221;on|20px|20px|20px|20px&#8221; global_colors_info=&#8221;{}&#8221;][\/et_pb_image][\/et_pb_column][\/et_pb_row][\/et_pb_section][et_pb_section fb_built=&#8221;1&#8243; custom_padding_last_edited=&#8221;off|desktop&#8221; admin_label=&#8221;Section&#8221; module_id=&#8221;LF&#8221; _builder_version=&#8221;4.27.4&#8243; _module_preset=&#8221;default&#8221; background_enable_color=&#8221;off&#8221; background_enable_image=&#8221;off&#8221; background_size=&#8221;custom&#8221; background_image_width=&#8221;45%&#8221; background_position=&#8221;center_left&#8221; custom_margin=&#8221;||||false|false&#8221; custom_margin_tablet=&#8221;0px||0px||false|false&#8221; custom_margin_phone=&#8221;0px||0px||false|false&#8221; custom_margin_last_edited=&#8221;on|tablet&#8221; custom_padding=&#8221;50px||30px||false|false&#8221; custom_padding_tablet=&#8221;0px||0px||false|false&#8221; custom_padding_phone=&#8221;0px||0px||false|false&#8221; hover_enabled=&#8221;0&#8243; da_popup_slug=&#8221;LF&#8221; da_disable_devices=&#8221;off|off|off&#8221; border_radii=&#8221;off||||&#8221; border_radii_tablet=&#8221;off|||80px|80px&#8221; border_radii_phone=&#8221;off|||50px|50px&#8221; border_radii_last_edited=&#8221;off|desktop&#8221; locked=&#8221;off&#8221; global_colors_info=&#8221;{}&#8221; disabled_on=&#8221;on|on|on&#8221; disabled=&#8221;on&#8221; sticky_enabled=&#8221;0&#8243; da_is_popup=&#8221;off&#8221; da_exit_intent=&#8221;off&#8221; da_has_close=&#8221;on&#8221; da_alt_close=&#8221;off&#8221; da_dark_close=&#8221;off&#8221; da_not_modal=&#8221;on&#8221; da_is_singular=&#8221;off&#8221; da_with_loader=&#8221;off&#8221; da_has_shadow=&#8221;on&#8221;][et_pb_row use_custom_gutter=&#8221;on&#8221; _builder_version=&#8221;4.27.4&#8243; _module_preset=&#8221;default&#8221; background_enable_color=&#8221;off&#8221; width=&#8221;90%&#8221; max_width=&#8221;1500px&#8221; custom_margin=&#8221;|auto||auto|false|false&#8221; custom_margin_tablet=&#8221;50px|auto|20px|auto|false|false&#8221; custom_margin_phone=&#8221;|auto|0px|auto|false|false&#8221; custom_margin_last_edited=&#8221;off|desktop&#8221; global_colors_info=&#8221;{}&#8221;][et_pb_column type=&#8221;4_4&#8243; _builder_version=&#8221;4.27.0&#8243; _module_preset=&#8221;default&#8221; global_colors_info=&#8221;{}&#8221;][et_pb_text _builder_version=&#8221;4.27.4&#8243; _module_preset=&#8221;default&#8221; text_text_color=&#8221;#1E1E1E&#8221; header_font=&#8221;IBMPlexSans-Bold||||||||&#8221; header_text_align=&#8221;left&#8221; header_text_color=&#8221;#04417a&#8221; header_font_size=&#8221;37px&#8221; text_orientation=&#8221;center&#8221; custom_margin=&#8221;||||false|false&#8221; custom_padding=&#8221;||||false|false&#8221; header_font_size_tablet=&#8221;30px&#8221; header_font_size_phone=&#8221;28px&#8221; header_font_size_last_edited=&#8221;on|phone&#8221; global_colors_info=&#8221;{}&#8221;]<\/p>\n<h1><span class=\"s1\">Detta s\u00e4ger v\u00e5ra kollegor<\/span><\/h1>\n<p>[\/et_pb_text][dsm_card_carousel autoplay=&#8221;off&#8221; space_between=&#8221;30&#8243; equal_height=&#8221;on&#8221; arrow_color=&#8221;#E5EFF7&#8243; dots=&#8221;off&#8221; _builder_version=&#8221;4.27.4&#8243; _module_preset=&#8221;default&#8221; global_colors_info=&#8221;{}&#8221;][dsm_card_carousel_child image_as_background=&#8221;off&#8221; badge_text=&#8221;Badget Text&#8221; content_padding=&#8221;400px|40px|50px|40px|false|true&#8221; button_url_new_window=&#8221;1&#8243; _builder_version=&#8221;4.27.4&#8243; _module_preset=&#8221;default&#8221; body_font=&#8221;IBMPlexSans-Regular||||||||&#8221; body_text_align=&#8221;center&#8221; body_text_color=&#8221;#FFFFFF&#8221; use_background_color_gradient=&#8221;on&#8221; background_color_gradient_stops=&#8221;rgba(255,255,255,0) 50%|#222222 100%&#8221; background_color_gradient_overlays_image=&#8221;on&#8221; background_image=&#8221;https:\/\/jobb.lansforsakringar.se\/lfab\/wp-content\/uploads\/sites\/7\/2025\/09\/2.png&#8221; background_enable_image=&#8221;on&#8221; transform_translate_linked__hover=&#8221;off&#8221; border_radii=&#8221;on|20px|20px|20px|20px&#8221; global_colors_info=&#8221;{}&#8221; transform_styles__hover_enabled=&#8221;off|desktop&#8221; transform_scale__hover_enabled=&#8221;off|desktop&#8221; transform_translate__hover_enabled=&#8221;off|desktop&#8221; transform_rotate__hover_enabled=&#8221;off|desktop&#8221; transform_skew__hover_enabled=&#8221;off|desktop&#8221; transform_origin__hover_enabled=&#8221;off|desktop&#8221; transform_scale__hover=&#8221;100%|100%&#8221; parent_button=&#8221;off&#8221; parent_header_level=&#8221;h4&#8243;]<\/p>\n<div class=\"page\" title=\"Page 1\">\n<div class=\"section\">\n<div class=\"layoutArea\">\n<div class=\"column\">\n<p style=\"text-align: center;\"><img loading=\"lazy\" decoding=\"async\" src=\"https:\/\/jobb.lansforsakringar.se\/lfab\/wp-content\/uploads\/sites\/7\/2025\/10\/Quote-50x50px-1.png\" width=\"50\" height=\"50\" alt=\"\" class=\"wp-image-852 alignnone size-full\" \/><\/p>\n<p><em><strong><span class=\"s1\">\u201dJag har utvecklats b\u00e5de professionellt och som person sedan jag b\u00f6rjade jobba som L\u00e5nehandl\u00e4ggare p\u00e5 LF-Norrbotten\u201d<\/span><\/strong><\/em><\/p>\n<p><strong><span class=\"s1\">Arbetare 1<\/span><br \/><\/strong><span><span class=\"s1\">Handl\u00e4ggare p\u00e5 LF S\u00f6rmland<\/span><\/span><span><span class=\"s1\"><\/span><\/span><\/p>\n<\/div>\n<\/div>\n<\/div>\n<\/div>\n<p>[\/dsm_card_carousel_child][dsm_card_carousel_child image_as_background=&#8221;off&#8221; badge_text=&#8221;Badget Text&#8221; content_padding=&#8221;400px|40px|50px|40px|false|true&#8221; button_url_new_window=&#8221;1&#8243; _builder_version=&#8221;4.27.4&#8243; _module_preset=&#8221;default&#8221; body_font=&#8221;IBMPlexSans-Regular||||||||&#8221; body_text_align=&#8221;center&#8221; body_text_color=&#8221;#FFFFFF&#8221; use_background_color_gradient=&#8221;on&#8221; background_color_gradient_stops=&#8221;rgba(255,255,255,0) 50%|#222222 100%&#8221; background_color_gradient_overlays_image=&#8221;on&#8221; background_image=&#8221;https:\/\/jobb.lansforsakringar.se\/lfab\/wp-content\/uploads\/sites\/7\/2025\/09\/8.png&#8221; background_enable_image=&#8221;on&#8221; transform_scale_last_edited=&#8221;off|desktop&#8221; transform_translate_last_edited=&#8221;off|desktop&#8221; transform_rotate_last_edited=&#8221;off|desktop&#8221; transform_skew_last_edited=&#8221;off|desktop&#8221; transform_origin_last_edited=&#8221;off|desktop&#8221; transform_styles_last_edited=&#8221;off|desktop&#8221; border_radii=&#8221;on|20px|20px|20px|20px&#8221; global_colors_info=&#8221;{}&#8221; transform_styles__hover_enabled=&#8221;off|desktop&#8221; transform_scale__hover_enabled=&#8221;off|desktop&#8221; transform_translate__hover_enabled=&#8221;off|desktop&#8221; transform_rotate__hover_enabled=&#8221;off|desktop&#8221; transform_skew__hover_enabled=&#8221;off|desktop&#8221; transform_origin__hover_enabled=&#8221;off|desktop&#8221; transform_scale__hover=&#8221;100%|100%&#8221; parent_button=&#8221;off&#8221; parent_header_level=&#8221;h4&#8243;]<\/p>\n<div class=\"page\" title=\"Page 1\">\n<div class=\"section\">\n<div class=\"layoutArea\">\n<div class=\"column\">\n<p style=\"text-align: center;\"><img loading=\"lazy\" decoding=\"async\" src=\"https:\/\/jobb.lansforsakringar.se\/lfab\/wp-content\/uploads\/sites\/7\/2025\/10\/Quote-50x50px-1.png\" width=\"50\" height=\"50\" alt=\"\" class=\"wp-image-852 alignnone size-full\" \/><\/p>\n<p><em><strong><span class=\"s1\">\u201dJag \u00e4lskar den inkluderande kulturen. Jag blev en del av gemenskapen redan p\u00e5 dag 1.\u201d<\/span><\/strong><\/em><\/p>\n<p><strong>Arbetare 2<br \/><\/strong><span class=\"s1\">Jurist p\u00e5 LF Sk\u00e5nt<\/span><\/p>\n<\/div>\n<\/div>\n<\/div>\n<\/div>\n<p>[\/dsm_card_carousel_child][dsm_card_carousel_child image_as_background=&#8221;off&#8221; badge_text=&#8221;Badget Text&#8221; content_padding=&#8221;400px|40px|50px|40px|false|true&#8221; button_url_new_window=&#8221;1&#8243; _builder_version=&#8221;4.27.4&#8243; _module_preset=&#8221;default&#8221; body_font=&#8221;IBMPlexSans-Regular||||||||&#8221; body_text_align=&#8221;center&#8221; body_text_color=&#8221;#FFFFFF&#8221; use_background_color_gradient=&#8221;on&#8221; background_color_gradient_stops=&#8221;rgba(255,255,255,0) 50%|#222222 100%&#8221; background_color_gradient_overlays_image=&#8221;on&#8221; background_image=&#8221;https:\/\/jobb.lansforsakringar.se\/lfab\/wp-content\/uploads\/sites\/7\/2025\/09\/Employee-1500&#215;1500-1.png&#8221; background_enable_image=&#8221;on&#8221; border_radii=&#8221;on|20px|20px|20px|20px&#8221; global_colors_info=&#8221;{}&#8221; transform_styles__hover_enabled=&#8221;off|desktop&#8221; transform_scale__hover_enabled=&#8221;off|desktop&#8221; transform_translate__hover_enabled=&#8221;off|desktop&#8221; transform_rotate__hover_enabled=&#8221;off|desktop&#8221; transform_skew__hover_enabled=&#8221;off|desktop&#8221; transform_origin__hover_enabled=&#8221;off|desktop&#8221; transform_scale__hover=&#8221;100%|100%&#8221; parent_button=&#8221;off&#8221; parent_header_level=&#8221;h4&#8243;]<\/p>\n<div class=\"page\" title=\"Page 1\">\n<div class=\"section\">\n<div class=\"layoutArea\">\n<div class=\"column\">\n<p style=\"text-align: center;\"><img loading=\"lazy\" decoding=\"async\" src=\"https:\/\/jobb.lansforsakringar.se\/lfab\/wp-content\/uploads\/sites\/7\/2025\/10\/Quote-50x50px-1.png\" width=\"50\" height=\"50\" alt=\"\" class=\"wp-image-852 alignnone size-full\" \/><\/p>\n<p class=\"p1\"><strong><em><span class=\"s1\">&#8220;Det flexibla arbetss\u00e4ttet g\u00f6r det m\u00f6jligt f\u00f6r mig att ha en b\u00e4ttre balans mellan familjeliv och jobb&#8221;<\/span><\/em><\/strong><\/p>\n<p><strong>Arbetare 3<br \/><\/strong><span><\/span><span class=\"s1\">Cloud-arkitekt p\u00e5 L\u00e4nsf\u00f6rs\u00e4kringar AB<\/span><\/p>\n<\/div>\n<\/div>\n<\/div>\n<\/div>\n<p>[\/dsm_card_carousel_child][\/dsm_card_carousel][\/et_pb_column][\/et_pb_row][\/et_pb_section][et_pb_section fb_built=&#8221;1&#8243; admin_label=&#8221;Section&#8221; _builder_version=&#8221;4.27.4&#8243; _module_preset=&#8221;default&#8221; background_color=&#8221;#005AA0&#8243; z_index=&#8221;1&#8243; custom_margin=&#8221;||||false|false&#8221; custom_padding=&#8221;5px||5px||true|false&#8221; animation_direction=&#8221;bottom&#8221; background_last_edited=&#8221;off|desktop&#8221; background_enable_color_phone=&#8221;off&#8221; da_disable_devices=&#8221;off|off|off&#8221; border_radii_tablet=&#8221;off|80px|80px||&#8221; border_radii_phone=&#8221;off|50px|50px||&#8221; border_radii_last_edited=&#8221;off|desktop&#8221; locked=&#8221;off&#8221; global_colors_info=&#8221;{}&#8221; da_is_popup=&#8221;off&#8221; da_exit_intent=&#8221;off&#8221; da_has_close=&#8221;on&#8221; da_alt_close=&#8221;off&#8221; da_dark_close=&#8221;off&#8221; da_not_modal=&#8221;on&#8221; da_is_singular=&#8221;off&#8221; da_with_loader=&#8221;off&#8221; da_has_shadow=&#8221;on&#8221;][et_pb_row custom_padding_last_edited=&#8221;on|phone&#8221; _builder_version=&#8221;4.27.0&#8243; _module_preset=&#8221;default&#8221; background_enable_color=&#8221;off&#8221; width=&#8221;90%&#8221; max_width=&#8221;1500px&#8221; custom_margin=&#8221;28px|auto|28px|auto|true|false&#8221; custom_margin_tablet=&#8221;|auto|0px|auto|false|false&#8221; custom_margin_phone=&#8221;0px|auto|30px|auto|false|false&#8221; custom_margin_last_edited=&#8221;off|tablet&#8221; custom_padding=&#8221;0px||0px||false|false&#8221; custom_padding_tablet=&#8221;&#8221; custom_padding_phone=&#8221;10px||||false|false&#8221; global_colors_info=&#8221;{}&#8221;][et_pb_column type=&#8221;4_4&#8243; _builder_version=&#8221;4.27.0&#8243; _module_preset=&#8221;default&#8221; global_colors_info=&#8221;{}&#8221;][et_pb_image src=&#8221;https:\/\/jobb.lansforsakringar.se\/wp-content\/uploads\/2025\/10\/Jobylon-Logo-White.png&#8221; title_text=&#8221;Jobylon Logo White&#8221; url=&#8221;https:\/\/www.jobylon.com\/&#8221; url_new_window=&#8221;on&#8221; _builder_version=&#8221;4.27.4&#8243; _module_preset=&#8221;default&#8221; max_width=&#8221;200px&#8221; module_alignment=&#8221;center&#8221; custom_margin=&#8221;||16px|||&#8221; global_colors_info=&#8221;{}&#8221; transform_styles__hover_enabled=&#8221;on|hover&#8221; transform_scale__hover_enabled=&#8221;on|hover&#8221; transform_translate__hover_enabled=&#8221;on|desktop&#8221; transform_rotate__hover_enabled=&#8221;on|desktop&#8221; transform_skew__hover_enabled=&#8221;on|desktop&#8221; transform_origin__hover_enabled=&#8221;on|desktop&#8221; transform_scale__hover=&#8221;104%|104%&#8221;][\/et_pb_image][et_pb_text _builder_version=&#8221;4.27.4&#8243; _module_preset=&#8221;default&#8221; text_text_color=&#8221;#FFFFFF&#8221; link_text_color=&#8221;#FFFFFF&#8221; text_orientation=&#8221;center&#8221; custom_margin=&#8221;12px|||||&#8221; global_colors_info=&#8221;{}&#8221;]<\/p>\n<p><span>Designed &amp; Powered by <a href=\"https:\/\/www.jobylon.com\/\" target=\"_blank\" rel=\"noopener\">Jobylon<\/a><\/span><\/p>\n<p>[\/et_pb_text][\/et_pb_column][\/et_pb_row][\/et_pb_section]<\/p>\n","protected":false},"excerpt":{"rendered":"<p>Varmt v\u00e4lkommen till L\u00e4nsf\u00f6rs\u00e4kringar bank!Vi \u00e4r en av Sveriges st\u00f6rsta banker \u2013 och en av de mest omtyckta. Sedan starten 1996 har vi vuxit till en fullservicebank som erbjuder allt fr\u00e5n betal- och sparal\u00f6sningar till bol\u00e5n, finansieringsl\u00f6sningar och ett brett fondutbud. Hos oss kombineras det personliga m\u00f6tet p\u00e5 v\u00e5ra kontor runt om i landet med ett modernt och starkt digitalt erbjudande. Det g\u00f6r att vi kan vara n\u00e4ra v\u00e5ra kunder \u2013 b\u00e5de i vardagen och i de stora livsbesluten. Vi har ett tydligt kundfokus i allt vi g\u00f6r och hamnar \u00e5r efter \u00e5r i topp n\u00e4r det g\u00e4ller kundn\u00f6jdhet. Tillsammans med v\u00e5ra medarbetare bygger vi en bank som \u00e4r enkel, trygg och h\u00e5llbar \u2013 och som utvecklas i takt med kundernas behov. Bygg framtidens bank med oss Vill du jobba med tech, innovation och digital utveckling? Hos oss \u00e4r du med och bygger n\u00e4sta generations bankl\u00f6sningar. Vi utvecklar system, produkter och tj\u00e4nster som g\u00f6r vardagen enklare f\u00f6r v\u00e5ra kunder \u2013 idag och imorgon. Skapa trygghet genom data och analys Vill du bidra till en stabil och h\u00e5llbar bank? H\u00e4r finns m\u00f6jligheter inom finans, risk, compliance, kredit och i arbetet att f\u00f6rebygga finansiell brottslighet. Tillsammans skyddar vi b\u00e5de banken och v\u00e5ra [&hellip;]<\/p>\n","protected":false},"author":2,"featured_media":0,"parent":0,"menu_order":0,"comment_status":"closed","ping_status":"closed","template":"","meta":{"_et_pb_use_builder":"on","_et_pb_old_content":"","_et_gb_content_width":"","footnotes":""},"class_list":["post-919","page","type-page","status-publish","hentry"],"featured_image_src":null,"featured_image_src_square":null,"_links":{"self":[{"href":"https:\/\/jobb.lansforsakringar.se\/lfab\/wp-json\/wp\/v2\/pages\/919","targetHints":{"allow":["GET"]}}],"collection":[{"href":"https:\/\/jobb.lansforsakringar.se\/lfab\/wp-json\/wp\/v2\/pages"}],"about":[{"href":"https:\/\/jobb.lansforsakringar.se\/lfab\/wp-json\/wp\/v2\/types\/page"}],"author":[{"embeddable":true,"href":"https:\/\/jobb.lansforsakringar.se\/lfab\/wp-json\/wp\/v2\/users\/2"}],"replies":[{"embeddable":true,"href":"https:\/\/jobb.lansforsakringar.se\/lfab\/wp-json\/wp\/v2\/comments?post=919"}],"version-history":[{"count":0,"href":"https:\/\/jobb.lansforsakringar.se\/lfab\/wp-json\/wp\/v2\/pages\/919\/revisions"}],"wp:attachment":[{"href":"https:\/\/jobb.lansforsakringar.se\/lfab\/wp-json\/wp\/v2\/media?parent=919"}],"curies":[{"name":"wp","href":"https:\/\/api.w.org\/{rel}","templated":true}]}}