{"id":924,"date":"2025-11-03T21:33:06","date_gmt":"2025-11-03T21:33:06","guid":{"rendered":"https:\/\/lfabjobs.wpenginepowered.com\/lfab\/?page_id=924"},"modified":"2025-12-08T11:51:15","modified_gmt":"2025-12-08T11:51:15","slug":"stodfunktioner","status":"publish","type":"page","link":"https:\/\/jobb.lansforsakringar.se\/lfab\/stodfunktioner\/","title":{"rendered":"St\u00f6dfunktioner"},"content":{"rendered":"<p>[et_pb_section fb_built=&#8221;1&#8243; admin_label=&#8221;Section&#8221; module_id=&#8221;digital&#8221; _builder_version=&#8221;4.27.4&#8243; _module_preset=&#8221;default&#8221; background_color=&#8221;#E5EFF7&#8243; custom_padding=&#8221;||70px|||&#8221; custom_css_free_form=&#8221;#et-boc .area-outer-wrap .da-close {||    background: none !important;||    -webkit-box-shadow: none!important;||    box-shadow: none !important;||    color: #04417a !important;||    font-size: 30px;||    right: 10px;||    top: 10px;||}&#8221; da_popup_slug=&#8221;digital&#8221; da_disable_devices=&#8221;off|off|off&#8221; global_colors_info=&#8221;{}&#8221; da_is_popup=&#8221;off&#8221; da_exit_intent=&#8221;off&#8221; da_has_close=&#8221;on&#8221; da_alt_close=&#8221;off&#8221; da_dark_close=&#8221;off&#8221; da_not_modal=&#8221;on&#8221; da_is_singular=&#8221;off&#8221; da_with_loader=&#8221;off&#8221; da_has_shadow=&#8221;on&#8221;][et_pb_row column_structure=&#8221;3_5,2_5&#8243; _builder_version=&#8221;4.27.4&#8243; _module_preset=&#8221;default&#8221; width=&#8221;90%&#8221; max_width=&#8221;1500px&#8221; global_colors_info=&#8221;{}&#8221;][et_pb_column type=&#8221;3_5&#8243; _builder_version=&#8221;4.27.4&#8243; _module_preset=&#8221;default&#8221; global_colors_info=&#8221;{}&#8221;][et_pb_text _builder_version=&#8221;4.27.4&#8243; _module_preset=&#8221;default&#8221; text_text_color=&#8221;#1E1E1E&#8221; header_font=&#8221;IBMPlexSans-Bold||||||||&#8221; header_text_align=&#8221;left&#8221; header_text_color=&#8221;#04417a&#8221; header_font_size=&#8221;37px&#8221; text_orientation=&#8221;center&#8221; custom_margin=&#8221;0px|0px|17px|0px|false|false&#8221; custom_padding=&#8221;0px|0px|0px|0px|false|false&#8221; header_font_size_tablet=&#8221;30px&#8221; header_font_size_phone=&#8221;28px&#8221; header_font_size_last_edited=&#8221;on|phone&#8221; global_colors_info=&#8221;{}&#8221;]<\/p>\n<h1><span class=\"s1\">St\u00f6dfunktioner<\/span><\/h1>\n<p>[\/et_pb_text][et_pb_text _builder_version=&#8221;4.27.4&#8243; _module_preset=&#8221;default&#8221; global_colors_info=&#8221;{}&#8221;]<\/p>\n<p class=\"p1\"><span class=\"s1\"><b>People &amp; Culture<\/b><\/span><\/p>\n<p class=\"p1\"><span class=\"s1\">H\u00e4r formar vi framtidens arbetsplats! Du jobbar med ledarskap, kultur, rekrytering och kompetensutveckling. Vi skapar engagemang och bygger en arbetsmilj\u00f6 d\u00e4r m\u00e4nniskor trivs och utvecklas. Vill du g\u00f6ra skillnad f\u00f6r b\u00e5de medarbetare och organisation? D\u00e5 \u00e4r People &amp; Culture f\u00f6r dig!<\/span><\/p>\n<p class=\"p1\"><span class=\"s1\"><b>Strategi &amp; Kommunikation<\/b><\/span><\/p>\n<p class=\"p1\"><span class=\"s1\">Strategi och Kommunikation driver v\u00e5r utveckling och st\u00e4rker v\u00e5rt varum\u00e4rke. H\u00e4r arbetar vi n\u00e4ra ledning och styrelse med aff\u00e4rsplanering, kommunikation, mediarelationer och h\u00e5llbarhet. Vill du p\u00e5verka framtiden och synligheten f\u00f6r v\u00e5r organisation? D\u00e5 \u00e4r detta platsen f\u00f6r dig!<\/span><\/p>\n<p class=\"p1\"><span class=\"s1\"><b>Juridik<\/b><\/span><\/p>\n<p class=\"p1\"><span class=\"s1\">Juridik hos oss \u00e4r navet f\u00f6r allt som r\u00f6r avtal, aff\u00e4rer, skador, bank, fondliv, livf\u00f6rs\u00e4kring, styrning och regelefterlevnad. H\u00e4r arbetar vi med komplexa juridiska fr\u00e5gor inom omr\u00e5den som internkontroll, s\u00e4kerhet, privacy och finansiell brottslighet; alltid n\u00e4ra verksamheten och med stort ansvar. Vill du vara med och tolka, utveckla och till\u00e4mpa lagar och regler i en dynamisk organisation med h\u00f6ga krav p\u00e5 regelefterlevnad? D\u00e5 \u00e4r Juridik r\u00e4tt plats f\u00f6r dig!<\/span><\/p>\n<p class=\"p1\"><span class=\"s1\"><b>Ekonomi &amp; Finans<\/b><\/span><\/p>\n<p class=\"p1\"><span class=\"s1\">Gillar du struktur, analys och att skapa aff\u00e4rsv\u00e4rde? P\u00e5 Ekonomi &amp; Finans jobbar du med rapportering, redovisning, skatt, ink\u00f6p och finansiell styrning f\u00f6r att s\u00e4kerst\u00e4lla korrekt data, regelefterlevnad och en stabil ekonomi i hela koncernen. Du bidrar till effektiva processer, smidig informationshantering och utveckling inom ett aff\u00e4rskritiskt omr\u00e5de. Vill du vara med och skapa ordning och driva utveckling? V\u00e4lkommen till Ekonomi &amp; Finans!<\/span><\/p>\n<p class=\"p2\"><span class=\"s1\"><b><\/b><\/span><\/p>\n<p class=\"p3\"><span class=\"s1\"><b>Centrala funktioner<\/b><\/span><\/p>\n<p class=\"p1\"><span class=\"s1\"><b>Riskhanteringsfunktionen<\/b><\/span><\/p>\n<p class=\"p1\"><span class=\"s1\">Inom Risk Management identifierar, analyserar och hanterar vi risker som kan p\u00e5verka hela koncernen, allt fr\u00e5n omv\u00e4rldsf\u00f6r\u00e4ndringar till aff\u00e4rs- och teknikrisker. Genom att arbeta n\u00e4ra olika delar av organisationen skapar vi l\u00f6sningar som st\u00e4rker beslutsfattandet. H\u00e4r f\u00e5r du m\u00f6jlighet att g\u00f6ra verklig skillnad och bidra till f\u00f6retagets l\u00e5ngsiktiga framg\u00e5ng.<\/span><\/p>\n<p class=\"p1\"><span class=\"s1\"><b>Aktuariefunktionen<\/b><\/span><\/p>\n<p class=\"p1\"><span class=\"s1\">Vi ansvarar f\u00f6r att samordna och kvalitetss\u00e4kra de f\u00f6rs\u00e4kringstekniska avs\u00e4ttningarna inom organisationen. Det inneb\u00e4r att granska modeller, s\u00e4kerst\u00e4lla datakvalitet och bed\u00f6ma \u00e5terf\u00f6rs\u00e4kringsl\u00f6sningar. Hos oss f\u00e5r du kombinera analys med samh\u00e4llsnytta f\u00f6r att skapa trygghet och kvalitet f\u00f6r v\u00e5ra kunder.<\/span><\/p>\n<p class=\"p1\"><span class=\"s1\"><b>Compliance<\/b><\/span><\/p>\n<p class=\"p1\"><span class=\"s1\">Vi ser till att bolagen inom L\u00e4nsf\u00f6rs\u00e4kringar AB-koncernen f\u00f6ljer lagar och regler, med fokus p\u00e5 regelefterlevnad, dataskydd och arbetet mot penningtv\u00e4tt. Hos oss bidrar du till att m\u00f6ta \u00f6kade krav p\u00e5 etik, transparens och ansvar i en f\u00f6r\u00e4nderlig omv\u00e4rld.<\/span><\/p>\n<p class=\"p1\"><span class=\"s1\"><b>Internrevision<\/b><\/span><\/p>\n<p class=\"p4\"><span class=\"s1\">Som en del av v\u00e5rt internrevisionsteam f\u00e5r du arbeta med att granska och utveckla hela v\u00e5r verksamhet. Vi jobbar riskbaserat och ser till att allt fungerar som det ska, s\u00e5 att vi kan n\u00e5 v\u00e5ra m\u00e5l p\u00e5 ett tryggt och effektivt s\u00e4tt. H\u00e4r f\u00e5r du bidra med din analytiska f\u00f6rm\u00e5ga och hj\u00e4lpa oss att bli \u00e4nnu b\u00e4ttre p\u00e5 riskhantering, styrning och ledning.<\/span><\/p>\n<p>[\/et_pb_text][\/et_pb_column][et_pb_column type=&#8221;2_5&#8243; _builder_version=&#8221;4.27.4&#8243; _module_preset=&#8221;default&#8221; global_colors_info=&#8221;{}&#8221;][et_pb_image src=&#8221;https:\/\/jobb.lansforsakringar.se\/lfab\/wp-content\/uploads\/sites\/7\/2025\/09\/4.png&#8221; title_text=&#8221;4&#8243; _builder_version=&#8221;4.27.4&#8243; _module_preset=&#8221;default&#8221; border_radii=&#8221;on|20px|20px|20px|20px&#8221; global_colors_info=&#8221;{}&#8221;][\/et_pb_image][\/et_pb_column][\/et_pb_row][\/et_pb_section][et_pb_section fb_built=&#8221;1&#8243; custom_padding_last_edited=&#8221;off|desktop&#8221; admin_label=&#8221;Section&#8221; module_id=&#8221;LF&#8221; _builder_version=&#8221;4.27.4&#8243; _module_preset=&#8221;default&#8221; background_enable_color=&#8221;off&#8221; background_enable_image=&#8221;off&#8221; background_size=&#8221;custom&#8221; background_image_width=&#8221;45%&#8221; background_position=&#8221;center_left&#8221; custom_margin=&#8221;||||false|false&#8221; custom_margin_tablet=&#8221;0px||0px||false|false&#8221; custom_margin_phone=&#8221;0px||0px||false|false&#8221; custom_margin_last_edited=&#8221;on|tablet&#8221; custom_padding=&#8221;50px||30px||false|false&#8221; custom_padding_tablet=&#8221;0px||0px||false|false&#8221; custom_padding_phone=&#8221;0px||0px||false|false&#8221; hover_enabled=&#8221;0&#8243; da_popup_slug=&#8221;LF&#8221; da_disable_devices=&#8221;off|off|off&#8221; border_radii=&#8221;off||||&#8221; border_radii_tablet=&#8221;off|||80px|80px&#8221; border_radii_phone=&#8221;off|||50px|50px&#8221; border_radii_last_edited=&#8221;off|desktop&#8221; locked=&#8221;off&#8221; global_colors_info=&#8221;{}&#8221; disabled_on=&#8221;on|on|on&#8221; disabled=&#8221;on&#8221; sticky_enabled=&#8221;0&#8243; da_is_popup=&#8221;off&#8221; da_exit_intent=&#8221;off&#8221; da_has_close=&#8221;on&#8221; da_alt_close=&#8221;off&#8221; da_dark_close=&#8221;off&#8221; da_not_modal=&#8221;on&#8221; da_is_singular=&#8221;off&#8221; da_with_loader=&#8221;off&#8221; da_has_shadow=&#8221;on&#8221;][et_pb_row use_custom_gutter=&#8221;on&#8221; _builder_version=&#8221;4.27.4&#8243; _module_preset=&#8221;default&#8221; background_enable_color=&#8221;off&#8221; width=&#8221;90%&#8221; max_width=&#8221;1500px&#8221; custom_margin=&#8221;|auto||auto|false|false&#8221; custom_margin_tablet=&#8221;50px|auto|20px|auto|false|false&#8221; custom_margin_phone=&#8221;|auto|0px|auto|false|false&#8221; custom_margin_last_edited=&#8221;off|desktop&#8221; global_colors_info=&#8221;{}&#8221;][et_pb_column type=&#8221;4_4&#8243; _builder_version=&#8221;4.27.0&#8243; _module_preset=&#8221;default&#8221; global_colors_info=&#8221;{}&#8221;][et_pb_text _builder_version=&#8221;4.27.4&#8243; _module_preset=&#8221;default&#8221; text_text_color=&#8221;#1E1E1E&#8221; header_font=&#8221;IBMPlexSans-Bold||||||||&#8221; header_text_align=&#8221;left&#8221; header_text_color=&#8221;#04417a&#8221; header_font_size=&#8221;37px&#8221; text_orientation=&#8221;center&#8221; custom_margin=&#8221;||||false|false&#8221; custom_padding=&#8221;||||false|false&#8221; header_font_size_tablet=&#8221;30px&#8221; header_font_size_phone=&#8221;28px&#8221; header_font_size_last_edited=&#8221;on|phone&#8221; global_colors_info=&#8221;{}&#8221;]<\/p>\n<h1><span class=\"s1\">Detta s\u00e4ger v\u00e5ra kollegor<\/span><\/h1>\n<p>[\/et_pb_text][dsm_card_carousel autoplay=&#8221;off&#8221; space_between=&#8221;30&#8243; equal_height=&#8221;on&#8221; arrow_color=&#8221;#E5EFF7&#8243; dots=&#8221;off&#8221; _builder_version=&#8221;4.27.4&#8243; _module_preset=&#8221;default&#8221; global_colors_info=&#8221;{}&#8221;][dsm_card_carousel_child image_as_background=&#8221;off&#8221; badge_text=&#8221;Badget Text&#8221; content_padding=&#8221;400px|40px|50px|40px|false|true&#8221; button_url_new_window=&#8221;1&#8243; _builder_version=&#8221;4.27.4&#8243; _module_preset=&#8221;default&#8221; body_font=&#8221;IBMPlexSans-Regular||||||||&#8221; body_text_align=&#8221;center&#8221; body_text_color=&#8221;#FFFFFF&#8221; use_background_color_gradient=&#8221;on&#8221; background_color_gradient_stops=&#8221;rgba(255,255,255,0) 50%|#222222 100%&#8221; background_color_gradient_overlays_image=&#8221;on&#8221; background_image=&#8221;https:\/\/jobb.lansforsakringar.se\/lfab\/wp-content\/uploads\/sites\/7\/2025\/09\/2.png&#8221; background_enable_image=&#8221;on&#8221; transform_translate_linked__hover=&#8221;off&#8221; border_radii=&#8221;on|20px|20px|20px|20px&#8221; global_colors_info=&#8221;{}&#8221; transform_styles__hover_enabled=&#8221;off|desktop&#8221; transform_scale__hover_enabled=&#8221;off|desktop&#8221; transform_translate__hover_enabled=&#8221;off|desktop&#8221; transform_rotate__hover_enabled=&#8221;off|desktop&#8221; transform_skew__hover_enabled=&#8221;off|desktop&#8221; transform_origin__hover_enabled=&#8221;off|desktop&#8221; transform_scale__hover=&#8221;100%|100%&#8221; parent_button=&#8221;off&#8221; parent_header_level=&#8221;h4&#8243;]<\/p>\n<div class=\"page\" title=\"Page 1\">\n<div class=\"section\">\n<div class=\"layoutArea\">\n<div class=\"column\">\n<p style=\"text-align: center;\"><img loading=\"lazy\" decoding=\"async\" src=\"https:\/\/jobb.lansforsakringar.se\/lfab\/wp-content\/uploads\/sites\/7\/2025\/10\/Quote-50x50px-1.png\" width=\"50\" height=\"50\" alt=\"\" class=\"wp-image-852 alignnone size-full\" \/><\/p>\n<p><em><strong><span class=\"s1\">\u201dJag har utvecklats b\u00e5de professionellt och som person sedan jag b\u00f6rjade jobba som L\u00e5nehandl\u00e4ggare p\u00e5 LF-Norrbotten\u201d<\/span><\/strong><\/em><\/p>\n<p><strong><span class=\"s1\">Arbetare 1<\/span><br \/><\/strong><span><span class=\"s1\">Handl\u00e4ggare p\u00e5 LF S\u00f6rmland<\/span><\/span><span><span class=\"s1\"><\/span><\/span><\/p>\n<\/div>\n<\/div>\n<\/div>\n<\/div>\n<p>[\/dsm_card_carousel_child][dsm_card_carousel_child image_as_background=&#8221;off&#8221; badge_text=&#8221;Badget Text&#8221; content_padding=&#8221;400px|40px|50px|40px|false|true&#8221; button_url_new_window=&#8221;1&#8243; _builder_version=&#8221;4.27.4&#8243; _module_preset=&#8221;default&#8221; body_font=&#8221;IBMPlexSans-Regular||||||||&#8221; body_text_align=&#8221;center&#8221; body_text_color=&#8221;#FFFFFF&#8221; use_background_color_gradient=&#8221;on&#8221; background_color_gradient_stops=&#8221;rgba(255,255,255,0) 50%|#222222 100%&#8221; background_color_gradient_overlays_image=&#8221;on&#8221; background_image=&#8221;https:\/\/jobb.lansforsakringar.se\/lfab\/wp-content\/uploads\/sites\/7\/2025\/09\/8.png&#8221; background_enable_image=&#8221;on&#8221; transform_scale_last_edited=&#8221;off|desktop&#8221; transform_translate_last_edited=&#8221;off|desktop&#8221; transform_rotate_last_edited=&#8221;off|desktop&#8221; transform_skew_last_edited=&#8221;off|desktop&#8221; transform_origin_last_edited=&#8221;off|desktop&#8221; transform_styles_last_edited=&#8221;off|desktop&#8221; border_radii=&#8221;on|20px|20px|20px|20px&#8221; global_colors_info=&#8221;{}&#8221; transform_styles__hover_enabled=&#8221;off|desktop&#8221; transform_scale__hover_enabled=&#8221;off|desktop&#8221; transform_translate__hover_enabled=&#8221;off|desktop&#8221; transform_rotate__hover_enabled=&#8221;off|desktop&#8221; transform_skew__hover_enabled=&#8221;off|desktop&#8221; transform_origin__hover_enabled=&#8221;off|desktop&#8221; transform_scale__hover=&#8221;100%|100%&#8221; parent_button=&#8221;off&#8221; parent_header_level=&#8221;h4&#8243;]<\/p>\n<div class=\"page\" title=\"Page 1\">\n<div class=\"section\">\n<div class=\"layoutArea\">\n<div class=\"column\">\n<p style=\"text-align: center;\"><img loading=\"lazy\" decoding=\"async\" src=\"https:\/\/jobb.lansforsakringar.se\/lfab\/wp-content\/uploads\/sites\/7\/2025\/10\/Quote-50x50px-1.png\" width=\"50\" height=\"50\" alt=\"\" class=\"wp-image-852 alignnone size-full\" \/><\/p>\n<p><em><strong><span class=\"s1\">\u201dJag \u00e4lskar den inkluderande kulturen. Jag blev en del av gemenskapen redan p\u00e5 dag 1.\u201d<\/span><\/strong><\/em><\/p>\n<p><strong>Arbetare 2<br \/><\/strong><span class=\"s1\">Jurist p\u00e5 LF Sk\u00e5nt<\/span><\/p>\n<\/div>\n<\/div>\n<\/div>\n<\/div>\n<p>[\/dsm_card_carousel_child][dsm_card_carousel_child image_as_background=&#8221;off&#8221; badge_text=&#8221;Badget Text&#8221; content_padding=&#8221;400px|40px|50px|40px|false|true&#8221; button_url_new_window=&#8221;1&#8243; _builder_version=&#8221;4.27.4&#8243; _module_preset=&#8221;default&#8221; body_font=&#8221;IBMPlexSans-Regular||||||||&#8221; body_text_align=&#8221;center&#8221; body_text_color=&#8221;#FFFFFF&#8221; use_background_color_gradient=&#8221;on&#8221; background_color_gradient_stops=&#8221;rgba(255,255,255,0) 50%|#222222 100%&#8221; background_color_gradient_overlays_image=&#8221;on&#8221; background_image=&#8221;https:\/\/jobb.lansforsakringar.se\/lfab\/wp-content\/uploads\/sites\/7\/2025\/09\/Employee-1500&#215;1500-1.png&#8221; background_enable_image=&#8221;on&#8221; border_radii=&#8221;on|20px|20px|20px|20px&#8221; global_colors_info=&#8221;{}&#8221; transform_styles__hover_enabled=&#8221;off|desktop&#8221; transform_scale__hover_enabled=&#8221;off|desktop&#8221; transform_translate__hover_enabled=&#8221;off|desktop&#8221; transform_rotate__hover_enabled=&#8221;off|desktop&#8221; transform_skew__hover_enabled=&#8221;off|desktop&#8221; transform_origin__hover_enabled=&#8221;off|desktop&#8221; transform_scale__hover=&#8221;100%|100%&#8221; parent_button=&#8221;off&#8221; parent_header_level=&#8221;h4&#8243;]<\/p>\n<div class=\"page\" title=\"Page 1\">\n<div class=\"section\">\n<div class=\"layoutArea\">\n<div class=\"column\">\n<p style=\"text-align: center;\"><img loading=\"lazy\" decoding=\"async\" src=\"https:\/\/jobb.lansforsakringar.se\/lfab\/wp-content\/uploads\/sites\/7\/2025\/10\/Quote-50x50px-1.png\" width=\"50\" height=\"50\" alt=\"\" class=\"wp-image-852 alignnone size-full\" \/><\/p>\n<p class=\"p1\"><strong><em><span class=\"s1\">&#8220;Det flexibla arbetss\u00e4ttet g\u00f6r det m\u00f6jligt f\u00f6r mig att ha en b\u00e4ttre balans mellan familjeliv och jobb&#8221;<\/span><\/em><\/strong><\/p>\n<p><strong>Arbetare 3<br \/><\/strong><span><\/span><span class=\"s1\">Cloud-arkitekt p\u00e5 L\u00e4nsf\u00f6rs\u00e4kringar AB<\/span><\/p>\n<\/div>\n<\/div>\n<\/div>\n<\/div>\n<p>[\/dsm_card_carousel_child][\/dsm_card_carousel][\/et_pb_column][\/et_pb_row][\/et_pb_section][et_pb_section fb_built=&#8221;1&#8243; admin_label=&#8221;Section&#8221; _builder_version=&#8221;4.27.4&#8243; _module_preset=&#8221;default&#8221; background_color=&#8221;#005AA0&#8243; z_index=&#8221;1&#8243; custom_margin=&#8221;||||false|false&#8221; custom_padding=&#8221;5px||5px||true|false&#8221; animation_direction=&#8221;bottom&#8221; background_last_edited=&#8221;off|desktop&#8221; background_enable_color_phone=&#8221;off&#8221; da_disable_devices=&#8221;off|off|off&#8221; border_radii_tablet=&#8221;off|80px|80px||&#8221; border_radii_phone=&#8221;off|50px|50px||&#8221; border_radii_last_edited=&#8221;off|desktop&#8221; locked=&#8221;off&#8221; global_colors_info=&#8221;{}&#8221; da_is_popup=&#8221;off&#8221; da_exit_intent=&#8221;off&#8221; da_has_close=&#8221;on&#8221; da_alt_close=&#8221;off&#8221; da_dark_close=&#8221;off&#8221; da_not_modal=&#8221;on&#8221; da_is_singular=&#8221;off&#8221; da_with_loader=&#8221;off&#8221; da_has_shadow=&#8221;on&#8221;][et_pb_row custom_padding_last_edited=&#8221;on|phone&#8221; _builder_version=&#8221;4.27.0&#8243; _module_preset=&#8221;default&#8221; background_enable_color=&#8221;off&#8221; width=&#8221;90%&#8221; max_width=&#8221;1500px&#8221; custom_margin=&#8221;28px|auto|28px|auto|true|false&#8221; custom_margin_tablet=&#8221;|auto|0px|auto|false|false&#8221; custom_margin_phone=&#8221;0px|auto|30px|auto|false|false&#8221; custom_margin_last_edited=&#8221;off|tablet&#8221; custom_padding=&#8221;0px||0px||false|false&#8221; custom_padding_tablet=&#8221;&#8221; custom_padding_phone=&#8221;10px||||false|false&#8221; global_colors_info=&#8221;{}&#8221;][et_pb_column type=&#8221;4_4&#8243; _builder_version=&#8221;4.27.0&#8243; _module_preset=&#8221;default&#8221; global_colors_info=&#8221;{}&#8221;][et_pb_image src=&#8221;https:\/\/jobb.lansforsakringar.se\/wp-content\/uploads\/2025\/10\/Jobylon-Logo-White.png&#8221; title_text=&#8221;Jobylon Logo White&#8221; url=&#8221;https:\/\/www.jobylon.com\/&#8221; url_new_window=&#8221;on&#8221; _builder_version=&#8221;4.27.4&#8243; _module_preset=&#8221;default&#8221; max_width=&#8221;200px&#8221; module_alignment=&#8221;center&#8221; custom_margin=&#8221;||16px|||&#8221; global_colors_info=&#8221;{}&#8221; transform_styles__hover_enabled=&#8221;on|hover&#8221; transform_scale__hover_enabled=&#8221;on|hover&#8221; transform_translate__hover_enabled=&#8221;on|desktop&#8221; transform_rotate__hover_enabled=&#8221;on|desktop&#8221; transform_skew__hover_enabled=&#8221;on|desktop&#8221; transform_origin__hover_enabled=&#8221;on|desktop&#8221; transform_scale__hover=&#8221;104%|104%&#8221;][\/et_pb_image][et_pb_text _builder_version=&#8221;4.27.4&#8243; _module_preset=&#8221;default&#8221; text_text_color=&#8221;#FFFFFF&#8221; link_text_color=&#8221;#FFFFFF&#8221; text_orientation=&#8221;center&#8221; custom_margin=&#8221;12px|||||&#8221; global_colors_info=&#8221;{}&#8221;]<\/p>\n<p><span>Designed &amp; Powered by <a href=\"https:\/\/www.jobylon.com\/\" target=\"_blank\" rel=\"noopener\">Jobylon<\/a><\/span><\/p>\n<p>[\/et_pb_text][\/et_pb_column][\/et_pb_row][\/et_pb_section]<\/p>\n","protected":false},"excerpt":{"rendered":"<p>St\u00f6dfunktionerPeople &amp; Culture H\u00e4r formar vi framtidens arbetsplats! Du jobbar med ledarskap, kultur, rekrytering och kompetensutveckling. Vi skapar engagemang och bygger en arbetsmilj\u00f6 d\u00e4r m\u00e4nniskor trivs och utvecklas. Vill du g\u00f6ra skillnad f\u00f6r b\u00e5de medarbetare och organisation? D\u00e5 \u00e4r People &amp; Culture f\u00f6r dig! Strategi &amp; Kommunikation Strategi och Kommunikation driver v\u00e5r utveckling och st\u00e4rker v\u00e5rt varum\u00e4rke. H\u00e4r arbetar vi n\u00e4ra ledning och styrelse med aff\u00e4rsplanering, kommunikation, mediarelationer och h\u00e5llbarhet. Vill du p\u00e5verka framtiden och synligheten f\u00f6r v\u00e5r organisation? D\u00e5 \u00e4r detta platsen f\u00f6r dig! Juridik Juridik hos oss \u00e4r navet f\u00f6r allt som r\u00f6r avtal, aff\u00e4rer, skador, bank, fondliv, livf\u00f6rs\u00e4kring, styrning och regelefterlevnad. H\u00e4r arbetar vi med komplexa juridiska fr\u00e5gor inom omr\u00e5den som internkontroll, s\u00e4kerhet, privacy och finansiell brottslighet; alltid n\u00e4ra verksamheten och med stort ansvar. Vill du vara med och tolka, utveckla och till\u00e4mpa lagar och regler i en dynamisk organisation med h\u00f6ga krav p\u00e5 regelefterlevnad? D\u00e5 \u00e4r Juridik r\u00e4tt plats f\u00f6r dig! Ekonomi &amp; Finans Gillar du struktur, analys och att skapa aff\u00e4rsv\u00e4rde? P\u00e5 Ekonomi &amp; Finans jobbar du med rapportering, redovisning, skatt, ink\u00f6p och finansiell styrning f\u00f6r att s\u00e4kerst\u00e4lla korrekt data, regelefterlevnad och en stabil ekonomi i hela koncernen. Du bidrar till effektiva processer, smidig informationshantering [&hellip;]<\/p>\n","protected":false},"author":2,"featured_media":0,"parent":0,"menu_order":0,"comment_status":"closed","ping_status":"closed","template":"","meta":{"_et_pb_use_builder":"on","_et_pb_old_content":"","_et_gb_content_width":"","footnotes":""},"class_list":["post-924","page","type-page","status-publish","hentry"],"featured_image_src":null,"featured_image_src_square":null,"_links":{"self":[{"href":"https:\/\/jobb.lansforsakringar.se\/lfab\/wp-json\/wp\/v2\/pages\/924","targetHints":{"allow":["GET"]}}],"collection":[{"href":"https:\/\/jobb.lansforsakringar.se\/lfab\/wp-json\/wp\/v2\/pages"}],"about":[{"href":"https:\/\/jobb.lansforsakringar.se\/lfab\/wp-json\/wp\/v2\/types\/page"}],"author":[{"embeddable":true,"href":"https:\/\/jobb.lansforsakringar.se\/lfab\/wp-json\/wp\/v2\/users\/2"}],"replies":[{"embeddable":true,"href":"https:\/\/jobb.lansforsakringar.se\/lfab\/wp-json\/wp\/v2\/comments?post=924"}],"version-history":[{"count":0,"href":"https:\/\/jobb.lansforsakringar.se\/lfab\/wp-json\/wp\/v2\/pages\/924\/revisions"}],"wp:attachment":[{"href":"https:\/\/jobb.lansforsakringar.se\/lfab\/wp-json\/wp\/v2\/media?parent=924"}],"curies":[{"name":"wp","href":"https:\/\/api.w.org\/{rel}","templated":true}]}}